{"id":149,"date":"2016-06-15T11:15:05","date_gmt":"2016-06-15T10:15:05","guid":{"rendered":"http:\/\/cca-lyon.fr\/?page_id=149"},"modified":"2016-09-25T11:19:04","modified_gmt":"2016-09-25T09:19:04","slug":"le-carom","status":"publish","type":"page","link":"https:\/\/cca-lyon.fr\/index.php\/le-carom\/","title":{"rendered":"Carrom \u00e0 ma mani\u00e8re"},"content":{"rendered":"<p>&nbsp;<\/p>\n<div class=\"divTitreArticle\"><\/div>\n<div class=\"contenuArticle\">\n<div class=\"ob-sections\">\n<div class=\"ob-section ob-section-html\">\n<p><img loading=\"lazy\" decoding=\"async\" class=\"CtreTexte alignleft\" src=\"http:\/\/idata.over-blog.com\/0\/45\/09\/39\/0_pages\/Club\/Club-5928.jpeg\" alt=\"Club-5928.jpeg\" width=\"320\" height=\"214\" \/><strong>Depuis octobre 2013, le CCA accueille dans ses locaux des joueurs de Carrom, les mardi soir \u00e0 partir de 20h30.<\/strong><\/p>\n<p>Le carrom est un jeu qui se joue \u00e0 deux ou \u00e0 quatre personnes. Certaines sources le rattachent au billard. En effet, les termes \u00ab caramboler \u00bb, \u00ab carambolage \u00bb, \u00ab canon \u00bb sont typiques du vocabulaire du billard. D\u2019ailleurs, \u00ab Carrom \u00bb est utilis\u00e9 pour d\u00e9signer le billard fran\u00e7ais et artistique. Les ressemblances \u00e9tymologiques et le principe du jeu affirment un lien de parent\u00e9 ind\u00e9niable entre le billard et le Carrom.<\/p>\n<p>Au centre du plateau de carrom sont dispos\u00e9s 9 pions blancs, 9 pions noirs et un pion rouge \u00e9galement appel\u00e9 \u00ab reine \u00bb.<\/p>\n<p>Le but du jeu est de rentrer tous les pions de sa couleur dans les quatre trous de la surface de jeu.<br \/>\nUne partie se joue en 25 points ou 8 manches maximum.<\/p>\n<p>Pour remporter une manche il faut avoir rentr\u00e9 tous ses pions le premier : le score sera d\u00e9termin\u00e9 par le nombre de pions qui reste \u00e0 son adversaire sur le plateau, la reine constituant un bonus \u00e9ventuel.<\/p>\n<p>&nbsp;<\/p>\n<p>Plus d&rsquo;information sur le site\u00a0<a href=\"http:\/\/carrommamaniere.wordpress.com\/\" target=\"blank\">Carrom \u00e0 ma mani\u00e8re<\/a>.<\/p>\n<\/div>\n<\/div>\n<\/div>\n","protected":false},"excerpt":{"rendered":"<p>&nbsp; Depuis octobre 2013, le CCA accueille dans ses locaux des joueurs de Carrom, les mardi soir \u00e0 partir de 20h30. Le carrom est un jeu qui se joue \u00e0 deux ou \u00e0 quatre personnes. Certaines sources le rattachent au billard. En effet, les termes \u00ab caramboler \u00bb, \u00ab carambolage \u00bb, \u00ab canon \u00bb sont [&hellip;]<\/p>\n","protected":false},"author":4,"featured_media":0,"parent":0,"menu_order":0,"comment_status":"closed","ping_status":"closed","template":"","meta":{"footnotes":""},"class_list":["post-149","page","type-page","status-publish","hentry"],"_links":{"self":[{"href":"https:\/\/cca-lyon.fr\/index.php\/wp-json\/wp\/v2\/pages\/149","targetHints":{"allow":["GET"]}}],"collection":[{"href":"https:\/\/cca-lyon.fr\/index.php\/wp-json\/wp\/v2\/pages"}],"about":[{"href":"https:\/\/cca-lyon.fr\/index.php\/wp-json\/wp\/v2\/types\/page"}],"author":[{"embeddable":true,"href":"https:\/\/cca-lyon.fr\/index.php\/wp-json\/wp\/v2\/users\/4"}],"replies":[{"embeddable":true,"href":"https:\/\/cca-lyon.fr\/index.php\/wp-json\/wp\/v2\/comments?post=149"}],"version-history":[{"count":7,"href":"https:\/\/cca-lyon.fr\/index.php\/wp-json\/wp\/v2\/pages\/149\/revisions"}],"predecessor-version":[{"id":722,"href":"https:\/\/cca-lyon.fr\/index.php\/wp-json\/wp\/v2\/pages\/149\/revisions\/722"}],"wp:attachment":[{"href":"https:\/\/cca-lyon.fr\/index.php\/wp-json\/wp\/v2\/media?parent=149"}],"curies":[{"name":"wp","href":"https:\/\/api.w.org\/{rel}","templated":true}]}}