{"id":161,"date":"2016-06-15T11:24:21","date_gmt":"2016-06-15T10:24:21","guid":{"rendered":"http:\/\/cca-lyon.fr\/?page_id=161"},"modified":"2025-09-06T19:03:19","modified_gmt":"2025-09-06T17:03:19","slug":"les-tarifs","status":"publish","type":"page","link":"https:\/\/cca-lyon.fr\/index.php\/les-tarifs\/","title":{"rendered":"Les tarifs"},"content":{"rendered":"<div class=\"divTitreArticle\">\n<h2>Saison 2025 &#8211; 2026<\/h2>\n<\/div>\n<div class=\"contenuArticle\">\n<div class=\"ob-sections\">\n<div class=\"ob-section ob-section-html\">\n<p>L&rsquo;<strong>adh\u00e9sion \u00e0 l&rsquo;association<\/strong> permet l&rsquo;acc\u00e8s au Cercle des Chefs d&rsquo;Atelier. Elle est indispensable pour pratiquer toute activit\u00e9 r\u00e9guli\u00e8re au sein du Cercle (carrom, cartes, \u00e9checs et bien s\u00fbr billard).<\/p>\n<p>L&rsquo;adh\u00e9sion se fait pour un an, du 1er septembre au 31 ao\u00fbt.<\/p>\n<p>La Licence de la F\u00e9d\u00e9ration Fran\u00e7aise de Billard est indispensable pour avoir acc\u00e8s \u00e0 l&rsquo;activit\u00e9 Billard au sein du CCA.<\/p>\n<p><img loading=\"lazy\" decoding=\"async\" class=\"size-medium wp-image-525 aligncenter\" src=\"http:\/\/cca-lyon.fr\/wp-content\/uploads\/2016\/06\/HH-1084313-300x225.jpg\" alt=\"HH-1084313\" width=\"300\" height=\"225\" srcset=\"https:\/\/cca-lyon.fr\/wp-content\/uploads\/2016\/06\/HH-1084313-300x225.jpg 300w, https:\/\/cca-lyon.fr\/wp-content\/uploads\/2016\/06\/HH-1084313-768x576.jpg 768w, https:\/\/cca-lyon.fr\/wp-content\/uploads\/2016\/06\/HH-1084313-1024x768.jpg 1024w\" sizes=\"auto, (max-width: 300px) 100vw, 300px\" \/><\/p>\n<p><strong>Les cours ont lieu chaque semaine hors vacances scolaire, voir <a href=\"https:\/\/cca-lyon.fr\/index.php\/formation\/\">cette page<\/a> pour plus d&rsquo;informations.\u00a0<\/strong><\/p>\n<\/div>\n\n<table id=\"tablepress-1\" class=\"tablepress tablepress-id-1\">\n<tbody class=\"row-hover\">\n<tr class=\"row-1\">\n\t<td class=\"column-1\">Adh\u00e9sion annuelle<\/td><td class=\"column-2\">Adh\u00e9sion simple<\/td><td class=\"column-3\">70\u20ac<\/td>\n<\/tr>\n<tr class=\"row-2\">\n\t<td class=\"column-1\"><\/td><td class=\"column-2\">Adh\u00e9sion billard adulte<\/td><td class=\"column-3\">142\u20ac<\/td>\n<\/tr>\n<tr class=\"row-3\">\n\t<td class=\"column-1\"><\/td><td class=\"column-2\">Premi\u00e8re adh\u00e9sion<\/td><td class=\"column-3\">117\u20ac<\/td>\n<\/tr>\n<tr class=\"row-4\">\n\t<td class=\"column-1\"><\/td><td class=\"column-2\">Adh\u00e9sion billard -21ans<\/td><td class=\"column-3\">62\u20ac<\/td>\n<\/tr>\n<tr class=\"row-5\">\n\t<td class=\"column-1\">Forfait journ\u00e9e billard<\/td><td class=\"column-2\">Adulte adh\u00e9rent<\/td><td class=\"column-3\">3,80\u20ac<\/td>\n<\/tr>\n<tr class=\"row-6\">\n\t<td class=\"column-1\"><\/td><td class=\"column-2\">Jeune<\/td><td class=\"column-3\">1\u20ac<\/td>\n<\/tr>\n<tr class=\"row-7\">\n\t<td class=\"column-1\"><\/td><td class=\"column-2\">Licenci\u00e9, ext\u00e9rieur au CCA<\/td><td class=\"column-3\">4.80\u20ac<\/td>\n<\/tr>\n<tr class=\"row-8\">\n\t<td class=\"column-1\">Cours<\/td><td class=\"column-2\">Cours Adultes<br \/>\ninitiation\/perfectionnement<\/td><td class=\"column-3\">140\u20ac env. 30 cours<\/td>\n<\/tr>\n<tr class=\"row-9\">\n\t<td class=\"column-1\"><\/td><td class=\"column-2\">Cours Jeunes<\/td><td class=\"column-3\">60  \u20ac<br \/>\nenv. 25 cours<\/td>\n<\/tr>\n<tr class=\"row-10\">\n\t<td class=\"column-1\"><\/td><td class=\"column-2\">D\u00e9couverte et initiation <\/td><td class=\"column-3\">Gratuit tous les lundis de septembre de 16h \u00e0 20h<\/td>\n<\/tr>\n<tr class=\"row-11\">\n\t<td class=\"column-1\"> Stages vacances scolaires<\/td><td class=\"column-2\">Cours Jeunes<\/td><td class=\"column-3\">90\u20ac pour 5 s\u00e9ances de 2h<\/td>\n<\/tr>\n<\/tbody>\n<\/table>\n<!-- #tablepress-1 from cache -->\n<p>Le forfait billard n&rsquo;est pas exigible de la part des \u00e9l\u00e8ves qui assistent \u00e0 un cours, mais le devient d\u00e8s lors que le jeu est pratiqu\u00e9 plus de 30 minutes avant ou apr\u00e8s le cours.<\/p>\n<\/div>\n<\/div>\n","protected":false},"excerpt":{"rendered":"<p>Saison 2025 &#8211; 2026 L&rsquo;adh\u00e9sion \u00e0 l&rsquo;association permet l&rsquo;acc\u00e8s au Cercle des Chefs d&rsquo;Atelier. Elle est indispensable pour pratiquer toute activit\u00e9 r\u00e9guli\u00e8re au sein du Cercle (carrom, cartes, \u00e9checs et bien s\u00fbr billard). L&rsquo;adh\u00e9sion se fait pour un an, du 1er septembre au 31 ao\u00fbt. La Licence de la F\u00e9d\u00e9ration Fran\u00e7aise de Billard est indispensable [&hellip;]<\/p>\n","protected":false},"author":4,"featured_media":0,"parent":0,"menu_order":0,"comment_status":"closed","ping_status":"closed","template":"","meta":{"footnotes":""},"class_list":["post-161","page","type-page","status-publish","hentry"],"_links":{"self":[{"href":"https:\/\/cca-lyon.fr\/index.php\/wp-json\/wp\/v2\/pages\/161","targetHints":{"allow":["GET"]}}],"collection":[{"href":"https:\/\/cca-lyon.fr\/index.php\/wp-json\/wp\/v2\/pages"}],"about":[{"href":"https:\/\/cca-lyon.fr\/index.php\/wp-json\/wp\/v2\/types\/page"}],"author":[{"embeddable":true,"href":"https:\/\/cca-lyon.fr\/index.php\/wp-json\/wp\/v2\/users\/4"}],"replies":[{"embeddable":true,"href":"https:\/\/cca-lyon.fr\/index.php\/wp-json\/wp\/v2\/comments?post=161"}],"version-history":[{"count":27,"href":"https:\/\/cca-lyon.fr\/index.php\/wp-json\/wp\/v2\/pages\/161\/revisions"}],"predecessor-version":[{"id":2976,"href":"https:\/\/cca-lyon.fr\/index.php\/wp-json\/wp\/v2\/pages\/161\/revisions\/2976"}],"wp:attachment":[{"href":"https:\/\/cca-lyon.fr\/index.php\/wp-json\/wp\/v2\/media?parent=161"}],"curies":[{"name":"wp","href":"https:\/\/api.w.org\/{rel}","templated":true}]}}