{"id":164,"date":"2016-06-15T11:26:36","date_gmt":"2016-06-15T10:26:36","guid":{"rendered":"http:\/\/cca-lyon.fr\/?page_id=164"},"modified":"2025-10-27T18:37:06","modified_gmt":"2025-10-27T17:37:06","slug":"les-horaires","status":"publish","type":"page","link":"https:\/\/cca-lyon.fr\/index.php\/les-horaires\/","title":{"rendered":"Les horaires du club"},"content":{"rendered":"<p>Le club fonctionne tr\u00e8s souvent du matin au soir, avec uniquement des b\u00e9n\u00e9voles.<\/p>\n<p>Vous \u00eates certain de trouver du monde entre <strong>15 et 20 heures, tous les jours<\/strong>.<\/p>\n<p>A d&rsquo;autres moment, vous pouvez passer un coup de fil juste avant de venir pour vous assurer d\u2019une pr\u00e9sence, au <strong>04 78 28 17 85<\/strong>.<\/p>\n<p>Certains horaires sont n\u00e9anmoins <strong>r\u00e9serv\u00e9s aux cours et entra\u00eenements<\/strong> pour jeunes ou adultes (voir rubrique <a href=\"https:\/\/cca-lyon.fr\/index.php\/formation\/\">\u00e9cole de billard<\/a>), ainsi qu&rsquo;aux comp\u00e9titions (voir le <a href=\"https:\/\/cca-lyon.fr\/index.php\/occupation-de-la-salle-de-billard\/\">planning d&rsquo;occupation de la salle<\/a>).<\/p>\n<p><img loading=\"lazy\" decoding=\"async\" class=\"alignnone size-full wp-image-559\" src=\"http:\/\/cca-lyon.fr\/wp-content\/uploads\/2016\/07\/3billes.jpg\" alt=\"3billes\" width=\"251\" height=\"184\" \/><\/p>\n<p>La plupart des membres ont la <strong>clef du local<\/strong>. Elle est remise aux membres demandeurs apr\u00e8s une p\u00e9riode de probation de quelques mois et sur d\u00e9cision du <a href=\"https:\/\/cca-lyon.fr\/index.php\/le-comite-directeur\/\">Comit\u00e9 Directeur<\/a>.<\/p>\n","protected":false},"excerpt":{"rendered":"<p>Le club fonctionne tr\u00e8s souvent du matin au soir, avec uniquement des b\u00e9n\u00e9voles. Vous \u00eates certain de trouver du monde entre 15 et 20 heures, tous les jours. A d&rsquo;autres moment, vous pouvez passer un coup de fil juste avant de venir pour vous assurer d\u2019une pr\u00e9sence, au 04 78 28 17 85. Certains horaires [&hellip;]<\/p>\n","protected":false},"author":4,"featured_media":0,"parent":0,"menu_order":0,"comment_status":"closed","ping_status":"closed","template":"","meta":{"footnotes":""},"class_list":["post-164","page","type-page","status-publish","hentry"],"_links":{"self":[{"href":"https:\/\/cca-lyon.fr\/index.php\/wp-json\/wp\/v2\/pages\/164","targetHints":{"allow":["GET"]}}],"collection":[{"href":"https:\/\/cca-lyon.fr\/index.php\/wp-json\/wp\/v2\/pages"}],"about":[{"href":"https:\/\/cca-lyon.fr\/index.php\/wp-json\/wp\/v2\/types\/page"}],"author":[{"embeddable":true,"href":"https:\/\/cca-lyon.fr\/index.php\/wp-json\/wp\/v2\/users\/4"}],"replies":[{"embeddable":true,"href":"https:\/\/cca-lyon.fr\/index.php\/wp-json\/wp\/v2\/comments?post=164"}],"version-history":[{"count":23,"href":"https:\/\/cca-lyon.fr\/index.php\/wp-json\/wp\/v2\/pages\/164\/revisions"}],"predecessor-version":[{"id":3019,"href":"https:\/\/cca-lyon.fr\/index.php\/wp-json\/wp\/v2\/pages\/164\/revisions\/3019"}],"wp:attachment":[{"href":"https:\/\/cca-lyon.fr\/index.php\/wp-json\/wp\/v2\/media?parent=164"}],"curies":[{"name":"wp","href":"https:\/\/api.w.org\/{rel}","templated":true}]}}