{"id":167,"date":"2016-06-15T11:29:36","date_gmt":"2016-06-15T10:29:36","guid":{"rendered":"http:\/\/cca-lyon.fr\/?page_id=167"},"modified":"2016-07-23T15:51:36","modified_gmt":"2016-07-23T14:51:36","slug":"presentation-de-la-competition","status":"publish","type":"page","link":"https:\/\/cca-lyon.fr\/index.php\/presentation-de-la-competition\/","title":{"rendered":"Pr\u00e9sentation de la comp\u00e9tition"},"content":{"rendered":"<p>Le Billard est un sport. Il y a donc logiquement des comp\u00e9titions locales, puis r\u00e9gionales et nationales.<br \/>\nIl existe diff\u00e9rents modes de jeu :<\/p>\n<ul>\n<li>la partie libre : aucune contrainte, sinon une zone r\u00e9glement\u00e9e dans les coins<\/li>\n<li>le cadre : des rectangles sont trac\u00e9s sur la surface de jeu. On ne peut r\u00e9aliser qu&rsquo;un point \u00e0 l&rsquo;int\u00e9rieur d&rsquo;une des surfaces. Une des deux billes adverses doit obligatoirement sortir pour que le point soit valid\u00e9.Diff\u00e9rentes tailles de cadres existent (42 cm, 47 cm, 71 cm) selon la difficult\u00e9 ou la taille du billard<\/li>\n<li>Le jeu \u00ab\u00a0\u00e0 la bande\u00a0\u00bb : la bille du joueur doit toucher au moins 1 bande avant la r\u00e9alisation du point<\/li>\n<li>Le \u00ab\u00a03 bandes\u00a0\u00bb :\u00a0la bille du joueur doit toucher au moins 3 bandes\u00a0avant la r\u00e9alisation du point. Tr\u00e8s spectaculaire, c&rsquo;est le seul mode de jeu reconnu comme discipline de haut-niveau par le minist\u00e8re des sports<\/li>\n<li>le \u00ab\u00a05 quilles\u00a0\u00bb : des quilles sont dispos\u00e9es sur le billard et viennent compliquer le jeu &#8230;<\/li>\n<li>le billard artistique : il est compos\u00e9 d&rsquo;une centaine de figures \u00e0 r\u00e9aliser (3 essais). les positions sont toutes extr\u00eamement difficiles et tr\u00e8s spectaculaires<\/li>\n<\/ul>\n<p><img loading=\"lazy\" decoding=\"async\" class=\"size-medium wp-image-545 alignnone\" src=\"http:\/\/cca-lyon.fr\/wp-content\/uploads\/2016\/06\/jpp_cfcaromsnooker_day34_38-300x300.jpg\" alt=\"jpp_cfcaromsnooker_day34_38\" width=\"300\" height=\"300\" srcset=\"https:\/\/cca-lyon.fr\/wp-content\/uploads\/2016\/06\/jpp_cfcaromsnooker_day34_38-300x300.jpg 300w, https:\/\/cca-lyon.fr\/wp-content\/uploads\/2016\/06\/jpp_cfcaromsnooker_day34_38-150x150.jpg 150w, https:\/\/cca-lyon.fr\/wp-content\/uploads\/2016\/06\/jpp_cfcaromsnooker_day34_38-768x768.jpg 768w, https:\/\/cca-lyon.fr\/wp-content\/uploads\/2016\/06\/jpp_cfcaromsnooker_day34_38-1024x1024.jpg 1024w, https:\/\/cca-lyon.fr\/wp-content\/uploads\/2016\/06\/jpp_cfcaromsnooker_day34_38.jpg 1200w\" sizes=\"auto, (max-width: 300px) 100vw, 300px\" \/><\/p>\n<p>Faire de la comp\u00e9tition reste le seul moyen d&rsquo;\u00e9valuer r\u00e9ellement son niveau de jeu.<br \/>\n<span style=\"line-height: 1.625;\">Dans la mesure o\u00f9 l&rsquo;on joue l&rsquo;un apr\u00e8s l&rsquo;autre, faire de la comp\u00e9tition, c&rsquo;est surtout se mesurer \u00e0 soi m\u00eame.<\/span><\/p>\n<p>Vous pourrez trouver tous les renseignements sur le site de la\u00a0FFB \u00a0<a href=\"http:\/\/www.ffbillard.com\/\">http:\/\/www.ffbillard.com\/<\/a><\/p>\n","protected":false},"excerpt":{"rendered":"<p>Le Billard est un sport. Il y a donc logiquement des comp\u00e9titions locales, puis r\u00e9gionales et nationales. Il existe diff\u00e9rents modes de jeu : la partie libre : aucune contrainte, sinon une zone r\u00e9glement\u00e9e dans les coins le cadre : des rectangles sont trac\u00e9s sur la surface de jeu. On ne peut r\u00e9aliser qu&rsquo;un point [&hellip;]<\/p>\n","protected":false},"author":4,"featured_media":0,"parent":0,"menu_order":0,"comment_status":"closed","ping_status":"closed","template":"","meta":{"footnotes":""},"class_list":["post-167","page","type-page","status-publish","hentry"],"_links":{"self":[{"href":"https:\/\/cca-lyon.fr\/index.php\/wp-json\/wp\/v2\/pages\/167","targetHints":{"allow":["GET"]}}],"collection":[{"href":"https:\/\/cca-lyon.fr\/index.php\/wp-json\/wp\/v2\/pages"}],"about":[{"href":"https:\/\/cca-lyon.fr\/index.php\/wp-json\/wp\/v2\/types\/page"}],"author":[{"embeddable":true,"href":"https:\/\/cca-lyon.fr\/index.php\/wp-json\/wp\/v2\/users\/4"}],"replies":[{"embeddable":true,"href":"https:\/\/cca-lyon.fr\/index.php\/wp-json\/wp\/v2\/comments?post=167"}],"version-history":[{"count":10,"href":"https:\/\/cca-lyon.fr\/index.php\/wp-json\/wp\/v2\/pages\/167\/revisions"}],"predecessor-version":[{"id":557,"href":"https:\/\/cca-lyon.fr\/index.php\/wp-json\/wp\/v2\/pages\/167\/revisions\/557"}],"wp:attachment":[{"href":"https:\/\/cca-lyon.fr\/index.php\/wp-json\/wp\/v2\/media?parent=167"}],"curies":[{"name":"wp","href":"https:\/\/api.w.org\/{rel}","templated":true}]}}