{"id":222,"date":"2016-06-19T20:42:12","date_gmt":"2016-06-19T19:42:12","guid":{"rendered":"http:\/\/cca-lyon.fr\/?page_id=222"},"modified":"2025-09-07T19:04:55","modified_gmt":"2025-09-07T17:04:55","slug":"formation","status":"publish","type":"page","link":"https:\/\/cca-lyon.fr\/index.php\/formation\/","title":{"rendered":"L&rsquo;\u00e9cole de billard"},"content":{"rendered":"<div class=\"divTitreArticle\">\n<p style=\"text-align: center;\"><strong><a href=\"https:\/\/cca-lyon.fr\/index.php\/les-cours\/\">Voir les horaires<\/a> &#8211; <\/strong><a href=\"https:\/\/cca-lyon.fr\/index.php\/les-tarifs\/\"><strong>Voir les tarifs<\/strong><\/a><\/p>\n<h2>Organisation P\u00e9dagogique<\/h2>\n<\/div>\n<div class=\"contenuArticle\">\n<div class=\"ob-sections\">\n<div class=\"ob-section ob-section-html\">\n<p>Contrairement \u00e0 beaucoup d&rsquo;id\u00e9es re\u00e7ues, le billard n&rsquo;est pas simplement un jeu\u00a0d&rsquo;adresse. C&rsquo;est surtout un sport qui demande de la technique et de la ma\u00eetrise de soi. Mais tout cela s&rsquo;apprend, \u00e0 tout \u00e2ge et de fa\u00e7on ludique.<\/p>\n<p>L&rsquo;\u00e9cole de billard du club poss\u00e8de l&rsquo;agr\u00e9ment de la F\u00e9d\u00e9ration Fran\u00e7aise de Billard, niveau II, billard carambole.\u00a0Cela signifie que les normes exig\u00e9es par la FFB en mati\u00e8re de nombre et de qualit\u00e9 de l&rsquo;encadrement \u00a0sont respect\u00e9es et que l&rsquo;enseignement suit les m\u00e9thodes p\u00e9dagogiques \u00e9labor\u00e9es\u00a0par la f\u00e9d\u00e9ration.<\/p>\n<p><img loading=\"lazy\" decoding=\"async\" class=\"size-full wp-image-529 aligncenter\" src=\"http:\/\/cca-lyon.fr\/wp-content\/uploads\/2016\/06\/images.jpg\" alt=\"images\" width=\"295\" height=\"171\" \/><\/p>\n<p>Quelques \u00a0autres informations g\u00e9n\u00e9rales<\/p>\n<ul>\n<li>Le club est labellis\u00e9 au niveau 2 par la F\u00e9d\u00e9ration Fran\u00e7aise de Billard<\/li>\n<li>Tous les cours sont encadr\u00e9s par des formateurs dipl\u00f4m\u00e9s (CFA, DFI ou BEES)<\/li>\n<li>Les fondamentaux p\u00e9dagogiques s\u2019appuient sur les m\u00e9thodes f\u00e9d\u00e9rales dont les documents sont publics sur la page <a href=\"http:\/\/www.ffbillard.com\/pages\/formations-techniques-110.html\">http:\/\/www.ffbillard.com\/pages\/formations-techniques-110.html<\/a><\/li>\n<li>Les mesures de votre progression sont r\u00e9guli\u00e8res gr\u00e2ce aux Dipl\u00f4mes F\u00e9d\u00e9raux d\u2019Aptitudes (DFA) disponibles \u00e0 la page <a href=\"http:\/\/www.ffbillard.com\/pages\/ecoles-de-billard-36.html\">http:\/\/www.ffbillard.com\/pages\/ecoles-de-billard-36.html<\/a><\/li>\n<li>Toutes les s\u00e9ances sont compos\u00e9es d\u2019une partie cours suivie d\u2019un temps d\u2019exercices. Enfin, des confrontations amicales cl\u00f4turent chaque cours. La dur\u00e9e des cours varie de 1 heures pour les jeunes \u00e0 1h30 pour les adultes.<\/li>\n<\/ul>\n<p>Nous avons\u00a0trois niveaux diff\u00e9rents de formation pour les adultes :<\/p>\n<ul>\n<li><a href=\"http:\/\/cca-lyon.fr\/index.php\/les-cours\/\">Initiation<\/a> : acquisition des principes de jeu menant au jeu \u00e0 trois billes et \u00e0 des d\u00e9buts en comp\u00e9tition. Passage du billard d&rsquo;argent et d&rsquo;or. Ce sont environ 25 cours par an (une fois par semaine de d\u00e9but octobre \u00e0 avril hors vacances scolaires).<\/li>\n<li><a href=\"http:\/\/cca-lyon.fr\/index.php\/les-cours\/\">Perfectionnement<\/a> : accessible aux personnes poss\u00e9dant le billard d&rsquo;or.<\/li>\n<li><a href=\"http:\/\/cca-lyon.fr\/index.php\/scolaires\/\">Jeunes <\/a>: le club propose un cours sp\u00e9cialement d\u00e9di\u00e9 aux jeunes<\/li>\n<\/ul>\n<p style=\"text-align: center; padding-left: 30px;\">\n<\/div>\n<div class=\"ob-section ob-section-html\"><\/div>\n<\/div>\n<\/div>\n","protected":false},"excerpt":{"rendered":"<p>Voir les horaires &#8211; Voir les tarifs Organisation P\u00e9dagogique Contrairement \u00e0 beaucoup d&rsquo;id\u00e9es re\u00e7ues, le billard n&rsquo;est pas simplement un jeu\u00a0d&rsquo;adresse. C&rsquo;est surtout un sport qui demande de la technique et de la ma\u00eetrise de soi. Mais tout cela s&rsquo;apprend, \u00e0 tout \u00e2ge et de fa\u00e7on ludique. L&rsquo;\u00e9cole de billard du club poss\u00e8de l&rsquo;agr\u00e9ment de [&hellip;]<\/p>\n","protected":false},"author":4,"featured_media":0,"parent":0,"menu_order":0,"comment_status":"closed","ping_status":"closed","template":"","meta":{"footnotes":""},"class_list":["post-222","page","type-page","status-publish","hentry"],"_links":{"self":[{"href":"https:\/\/cca-lyon.fr\/index.php\/wp-json\/wp\/v2\/pages\/222","targetHints":{"allow":["GET"]}}],"collection":[{"href":"https:\/\/cca-lyon.fr\/index.php\/wp-json\/wp\/v2\/pages"}],"about":[{"href":"https:\/\/cca-lyon.fr\/index.php\/wp-json\/wp\/v2\/types\/page"}],"author":[{"embeddable":true,"href":"https:\/\/cca-lyon.fr\/index.php\/wp-json\/wp\/v2\/users\/4"}],"replies":[{"embeddable":true,"href":"https:\/\/cca-lyon.fr\/index.php\/wp-json\/wp\/v2\/comments?post=222"}],"version-history":[{"count":32,"href":"https:\/\/cca-lyon.fr\/index.php\/wp-json\/wp\/v2\/pages\/222\/revisions"}],"predecessor-version":[{"id":2987,"href":"https:\/\/cca-lyon.fr\/index.php\/wp-json\/wp\/v2\/pages\/222\/revisions\/2987"}],"wp:attachment":[{"href":"https:\/\/cca-lyon.fr\/index.php\/wp-json\/wp\/v2\/media?parent=222"}],"curies":[{"name":"wp","href":"https:\/\/api.w.org\/{rel}","templated":true}]}}