{"id":236,"date":"2016-06-27T09:24:21","date_gmt":"2016-06-27T08:24:21","guid":{"rendered":"http:\/\/cca-lyon.fr\/?page_id=236"},"modified":"2016-07-22T11:22:34","modified_gmt":"2016-07-22T10:22:34","slug":"la-vie-du-club","status":"publish","type":"page","link":"https:\/\/cca-lyon.fr\/index.php\/la-vie-du-club\/","title":{"rendered":"La vie du club"},"content":{"rendered":"<p>Le Cercle des Chefs d&rsquo;Atelier est une association loi 1901, agr\u00e9\u00e9e Jeunesse et Sports et affili\u00e9e \u00e0 la F\u00e9d\u00e9ration Fran\u00e7aise de Billard.\u00a0Tous les joueurs de billard sont licenci\u00e9s \u00e0 la FFB.<br \/>\nL\u2019association est g\u00e9r\u00e9e par<a href=\"http:\/\/cca-lyon.fr\/index.php\/le-comite-directeur\/\"> un\u00a0comit\u00e9 directeur<\/a> qui rend compte annuellement de son activit\u00e9 \u00e0 l&rsquo;assembl\u00e9e g\u00e9n\u00e9rale.<\/p>\n<p><img loading=\"lazy\" decoding=\"async\" class=\" wp-image-509 alignleft\" src=\"http:\/\/cca-lyon.fr\/wp-content\/uploads\/2016\/06\/HH-1084330-300x225.jpg\" alt=\"HH-1084330\" width=\"244\" height=\"160\" \/><\/p>\n<p>&nbsp;<\/p>\n<p>Le fonctionnement est celui d&rsquo;un club sportif, avec des joueurs qui font de la comp\u00e9tition (parfois \u00e0 haut niveau)\u00a0et d&rsquo;autres &#8211; de tout niveau &#8211; pour qui le billard est un loisir, un passe-temps ou une passion.<\/p>\n<p>&nbsp;<\/p>\n<p>&nbsp;<\/p>\n<p>D&rsquo;autres membres ne sont pas joueurs de billard : ce sont des sympathisants, des conjoints de joueurs, des joueurs de <a href=\"http:\/\/cca-lyon.fr\/index.php\/le-carom\/\">carrom<\/a>, ou simplement des amis qui se retrouvent au club pour jouer aux \u00e9checs ou aux cartes.<\/p>\n<p>Il faut \u00eatre membre du club pour pratiquer les activit\u00e9s propos\u00e9es (\u00e0 la diff\u00e9rence d&rsquo;une activit\u00e9 commerciale).<\/p>\n<p><a href=\"http:\/\/cca-lyon.fr\/index.php\/les-horaires\/\">Quand peut-on jouer ?<br \/>\n<\/a><a href=\"http:\/\/cca-lyon.fr\/index.php\/feminines\/\">Les femmes peuvent-elles jouer ?<br \/>\n<\/a><a href=\"http:\/\/cca-lyon.fr\/index.php\/formation\/\">Faut-il \u00eatre naturellement adroit ou dou\u00e9 pour jouer au billard ?<br \/>\n<\/a><a href=\"http:\/\/cca-lyon.fr\/index.php\/les-tarifs\/\">Ca co\u00fbte cher de jouer au billard ?<\/a><\/p>\n<p>&nbsp;<\/p>\n<p>&nbsp;<\/p>\n<p>&nbsp;<\/p>\n<p>&nbsp;<\/p>\n","protected":false},"excerpt":{"rendered":"<p>Le Cercle des Chefs d&rsquo;Atelier est une association loi 1901, agr\u00e9\u00e9e Jeunesse et Sports et affili\u00e9e \u00e0 la F\u00e9d\u00e9ration Fran\u00e7aise de Billard.\u00a0Tous les joueurs de billard sont licenci\u00e9s \u00e0 la FFB. L\u2019association est g\u00e9r\u00e9e par un\u00a0comit\u00e9 directeur qui rend compte annuellement de son activit\u00e9 \u00e0 l&rsquo;assembl\u00e9e g\u00e9n\u00e9rale. &nbsp; Le fonctionnement est celui d&rsquo;un club sportif, [&hellip;]<\/p>\n","protected":false},"author":3,"featured_media":0,"parent":0,"menu_order":0,"comment_status":"closed","ping_status":"closed","template":"","meta":{"footnotes":""},"class_list":["post-236","page","type-page","status-publish","hentry"],"_links":{"self":[{"href":"https:\/\/cca-lyon.fr\/index.php\/wp-json\/wp\/v2\/pages\/236","targetHints":{"allow":["GET"]}}],"collection":[{"href":"https:\/\/cca-lyon.fr\/index.php\/wp-json\/wp\/v2\/pages"}],"about":[{"href":"https:\/\/cca-lyon.fr\/index.php\/wp-json\/wp\/v2\/types\/page"}],"author":[{"embeddable":true,"href":"https:\/\/cca-lyon.fr\/index.php\/wp-json\/wp\/v2\/users\/3"}],"replies":[{"embeddable":true,"href":"https:\/\/cca-lyon.fr\/index.php\/wp-json\/wp\/v2\/comments?post=236"}],"version-history":[{"count":11,"href":"https:\/\/cca-lyon.fr\/index.php\/wp-json\/wp\/v2\/pages\/236\/revisions"}],"predecessor-version":[{"id":512,"href":"https:\/\/cca-lyon.fr\/index.php\/wp-json\/wp\/v2\/pages\/236\/revisions\/512"}],"wp:attachment":[{"href":"https:\/\/cca-lyon.fr\/index.php\/wp-json\/wp\/v2\/media?parent=236"}],"curies":[{"name":"wp","href":"https:\/\/api.w.org\/{rel}","templated":true}]}}