{"id":3015,"date":"2025-10-27T12:30:33","date_gmt":"2025-10-27T11:30:33","guid":{"rendered":"https:\/\/cca-lyon.fr\/?page_id=3015"},"modified":"2025-10-27T12:30:34","modified_gmt":"2025-10-27T11:30:34","slug":"occupation-de-la-salle-de-billard","status":"publish","type":"page","link":"https:\/\/cca-lyon.fr\/index.php\/occupation-de-la-salle-de-billard\/","title":{"rendered":"Occupation de la salle de billard"},"content":{"rendered":"\n<p>Cette page r\u00e9sume les prochaines dates et heures auxquelles la salle de billard est inaccessible car r\u00e9serv\u00e9e \u00e0 un \u00e9v\u00e9nement particulier (cours, comp\u00e9tition, etc.)<\/p>\n\n\n\n<p>Prochaines occupations de la salle de billard : <\/p>\n\n\n\n<ul class=\"wp-block-list\">\n<li>Lundi 3 novembre 18h &#8211; 19h30 : cours <\/li>\n\n\n\n<li>Mardi 4 novembre 18h &#8211; 21h : cours<\/li>\n\n\n\n<li>Mercredi 5 novembre 18h &#8211; 21h : cours <\/li>\n\n\n\n<li>Mardi 11 novembre 18h &#8211; 21h : priorit\u00e9 aux \u00e9l\u00e8ves pour l&rsquo;entrainement<\/li>\n\n\n\n<li>Mercredi 12 novembre 18h &#8211; 21h : cours<\/li>\n\n\n\n<li>Lundi 17 novembre 18h &#8211; 19h30 : cours <\/li>\n\n\n\n<li>Mardi 18 novembre 18h &#8211; 21h : cours<\/li>\n\n\n\n<li>Mercredi 19 novembre 18h &#8211; 21h : cours<\/li>\n\n\n\n<li>Mardi 25 novembre 18h &#8211; 21h : priorit\u00e9 aux \u00e9l\u00e8ves pour l&rsquo;entrainement<\/li>\n\n\n\n<li>Mercredi 26 novembre 18h &#8211; 21h : cour<\/li>\n<\/ul>\n\n\n\n<p><\/p>\n","protected":false},"excerpt":{"rendered":"<p>Cette page r\u00e9sume les prochaines dates et heures auxquelles la salle de billard est inaccessible car r\u00e9serv\u00e9e \u00e0 un \u00e9v\u00e9nement particulier (cours, comp\u00e9tition, etc.) Prochaines occupations de la salle de billard :<\/p>\n","protected":false},"author":14,"featured_media":0,"parent":0,"menu_order":0,"comment_status":"closed","ping_status":"closed","template":"","meta":{"footnotes":""},"class_list":["post-3015","page","type-page","status-publish","hentry"],"_links":{"self":[{"href":"https:\/\/cca-lyon.fr\/index.php\/wp-json\/wp\/v2\/pages\/3015","targetHints":{"allow":["GET"]}}],"collection":[{"href":"https:\/\/cca-lyon.fr\/index.php\/wp-json\/wp\/v2\/pages"}],"about":[{"href":"https:\/\/cca-lyon.fr\/index.php\/wp-json\/wp\/v2\/types\/page"}],"author":[{"embeddable":true,"href":"https:\/\/cca-lyon.fr\/index.php\/wp-json\/wp\/v2\/users\/14"}],"replies":[{"embeddable":true,"href":"https:\/\/cca-lyon.fr\/index.php\/wp-json\/wp\/v2\/comments?post=3015"}],"version-history":[{"count":1,"href":"https:\/\/cca-lyon.fr\/index.php\/wp-json\/wp\/v2\/pages\/3015\/revisions"}],"predecessor-version":[{"id":3016,"href":"https:\/\/cca-lyon.fr\/index.php\/wp-json\/wp\/v2\/pages\/3015\/revisions\/3016"}],"wp:attachment":[{"href":"https:\/\/cca-lyon.fr\/index.php\/wp-json\/wp\/v2\/media?parent=3015"}],"curies":[{"name":"wp","href":"https:\/\/api.w.org\/{rel}","templated":true}]}}