{"id":3053,"date":"2025-11-14T18:29:04","date_gmt":"2025-11-14T17:29:04","guid":{"rendered":"https:\/\/cca-lyon.fr\/?page_id=3053"},"modified":"2025-11-14T18:29:04","modified_gmt":"2025-11-14T17:29:04","slug":"inscription-au-cca","status":"publish","type":"page","link":"https:\/\/cca-lyon.fr\/index.php\/inscription-au-cca\/","title":{"rendered":"Inscription au CCA"},"content":{"rendered":"\n<p>Apr\u00e8s avoir pris connaissance des <a href=\"https:\/\/cca-lyon.fr\/index.php\/les-horaires\/\" data-type=\"page\" data-id=\"164\">horaires<\/a> et des <a href=\"https:\/\/cca-lyon.fr\/index.php\/les-tarifs\/\" data-type=\"page\" data-id=\"161\">tarifs<\/a>, voici les \u00e9tapes \u00e0 suivre pour vous inscrire. <\/p>\n\n\n\n<h2 class=\"wp-block-heading\">Premi\u00e8re possibilit\u00e9 : en passant au club<\/h2>\n\n\n\n<ul class=\"wp-block-list\">\n<li>Des fiches d&rsquo;inscription sont disponibles au club<\/li>\n\n\n\n<li>C&rsquo;est l&rsquo;occasion de venir voir et poser des questions si vous le souhaitez !<\/li>\n<\/ul>\n\n\n\n<h2 class=\"wp-block-heading\">Deuxi\u00e8me possibilit\u00e9 : en ligne <\/h2>\n\n\n\n<ul class=\"wp-block-list\">\n<li>T\u00e9l\u00e9chargez la <a href=\"https:\/\/cca-lyon.fr\/wp-content\/uploads\/2025\/11\/FICHE-INSCRIPTION-CCA_VUlt_25_26.pdf\" data-type=\"attachment\" data-id=\"3049\">fiche d&rsquo;inscription<\/a> et compl\u00e9tez-la<\/li>\n\n\n\n<li>Envoyez la fiche \u00e0 l&rsquo;adresse cca-lyon@cca-lyon.fr ou d\u00e9posez-la au club<\/li>\n\n\n\n<li>Effectuez le paiement comme indiqu\u00e9 sur la fiche d&rsquo;inscription (en cas de virement, indiquez bien votre nom dans la r\u00e9f\u00e9rence du virement)<\/li>\n<\/ul>\n\n\n\n<p><\/p>\n","protected":false},"excerpt":{"rendered":"<p>Apr\u00e8s avoir pris connaissance des horaires et des tarifs, voici les \u00e9tapes \u00e0 suivre pour vous inscrire. Premi\u00e8re possibilit\u00e9 : en passant au club Deuxi\u00e8me possibilit\u00e9 : en ligne<\/p>\n","protected":false},"author":14,"featured_media":0,"parent":0,"menu_order":0,"comment_status":"closed","ping_status":"closed","template":"","meta":{"footnotes":""},"class_list":["post-3053","page","type-page","status-publish","hentry"],"_links":{"self":[{"href":"https:\/\/cca-lyon.fr\/index.php\/wp-json\/wp\/v2\/pages\/3053","targetHints":{"allow":["GET"]}}],"collection":[{"href":"https:\/\/cca-lyon.fr\/index.php\/wp-json\/wp\/v2\/pages"}],"about":[{"href":"https:\/\/cca-lyon.fr\/index.php\/wp-json\/wp\/v2\/types\/page"}],"author":[{"embeddable":true,"href":"https:\/\/cca-lyon.fr\/index.php\/wp-json\/wp\/v2\/users\/14"}],"replies":[{"embeddable":true,"href":"https:\/\/cca-lyon.fr\/index.php\/wp-json\/wp\/v2\/comments?post=3053"}],"version-history":[{"count":1,"href":"https:\/\/cca-lyon.fr\/index.php\/wp-json\/wp\/v2\/pages\/3053\/revisions"}],"predecessor-version":[{"id":3054,"href":"https:\/\/cca-lyon.fr\/index.php\/wp-json\/wp\/v2\/pages\/3053\/revisions\/3054"}],"wp:attachment":[{"href":"https:\/\/cca-lyon.fr\/index.php\/wp-json\/wp\/v2\/media?parent=3053"}],"curies":[{"name":"wp","href":"https:\/\/api.w.org\/{rel}","templated":true}]}}