{"id":38,"date":"2016-03-25T21:30:35","date_gmt":"2016-03-25T20:30:35","guid":{"rendered":"http:\/\/cca-lyon.fr\/?page_id=38"},"modified":"2024-09-21T16:11:48","modified_gmt":"2024-09-21T14:11:48","slug":"histoire","status":"publish","type":"page","link":"https:\/\/cca-lyon.fr\/index.php\/histoire\/","title":{"rendered":"Un peu d&rsquo;histoire&#8230;."},"content":{"rendered":"<p><img loading=\"lazy\" decoding=\"async\" class=\"wp-image-501 aligncenter\" src=\"http:\/\/cca-lyon.fr\/wp-content\/uploads\/2016\/03\/banderolle-300x52.jpg\" alt=\"banderolle\" width=\"564\" height=\"115\" \/><\/p>\n<div class=\"contenuArticle\">\n<div class=\"ob-sections\">\n<div class=\"ob-section ob-section-html\">\n<p><strong>Quelques rep\u00e8res<\/strong><\/p>\n<ul>\n<li>1844 : cr\u00e9ation du cercle<\/li>\n<li>1882 : achat du premier billard<\/li>\n<li>1900 : installation au 26 rue de Crim\u00e9e<\/li>\n<li>2014 : grande f\u00eate pour c\u00e9l\u00e9brer le 170<sup>\u00e8me<\/sup> anniversaire<\/li>\n<li>2024 : grande f\u00eate (encore !) pour c\u00e9l\u00e9brer le 180<sup>\u00e8me <\/sup>anniversaire<\/li>\n<\/ul>\n<p>Comme le montre\u00a0<a href=\"http:\/\/cca-lyon.fr\/wp-content\/uploads\/2016\/04\/PV_Naissance_502\u00d7754-pixels.pdf\" target=\"_blank\" rel=\"noopener noreferrer\"><b>l&rsquo;acte de <\/b><b>naissance<\/b><\/a>,\u00a0le 18 F\u00e9vrier 1844, le \u00ab\u00a0<b>Cercle des Chefs d&rsquo;Atelier de la fabrique d&rsquo;\u00e9toffes de la ville de Lyon<\/b>\u00a0\u00bb voit le jour.<\/p>\n<p>Tout avait commenc\u00e9 un mois plus t\u00f4t par la constitution d&rsquo;un Groupement Ouvrier d&rsquo;une vingtaine de membres, situ\u00e9 rue Terraille.<\/p>\n<p>Apr\u00e8s plusieurs changements d&rsquo;adresses, c&rsquo;est en 1864 qu&rsquo;est vot\u00e9 le transfert\u00a0<b><em>\u00ab\u00a0\u00e0 La Croix-Rousse<\/em><\/b>\u00a0<em>(alors commune ind\u00e9pendante &#8211; ndlr)<\/em>\u00a0<b><em>plut\u00f4t qu&rsquo;\u00e0 Lyon\u00a0\u00bb<\/em><\/b>.<\/p>\n<p>Comme c&rsquo;est alors bien souvent le cas, la veine initiale du Cercle est clairement corporative, puisque les quelques canuts qui le fondent se donnent pour mission de \u00ab\u00a0s&rsquo;aider techniquement et financi\u00e8rement pour assurer une meilleure d\u00e9fense de la corporation gr\u00e2ce aux \u00e9changes d&rsquo;informations\u00a0\u00bb.<\/p>\n<p>* On se pr\u00e9occupe de la condition des travailleurs :<br \/>\no en\u00a0<b>1865<\/b>, le Cercle envoie de nombreux canuts si\u00e9ger aux Prud&rsquo;hommes<br \/>\no en\u00a0<b>1866<\/b>, il remet une p\u00e9tition au S\u00e9nateur pour obtenir un bureau \u00e0 la Condition des Soies<br \/>\no en\u00a0<b>1875<\/b>, il adresse un bl\u00e2me aux soci\u00e9taires qui pratiquent des prix de fa\u00e7on inf\u00e9rieurs au tarif (rappelons que cette question du tarif avait \u00e9t\u00e9 au coeur des c\u00e9l\u00e8bres mouvements de R\u00e9volte des Canuts dans les ann\u00e9es 1830 \u00e0 1850)<br \/>\no en\u00a0<b>1877<\/b>, le Cercle d\u00e9cide enfin d&rsquo;accepter en son sein les retrait\u00e9s de la profession<br \/>\n* On se soucie en m\u00eame temps du rayonnement de la soierie :<br \/>\no en\u00a0<b>1867<\/b>, est vot\u00e9e une motion de remerciement \u00e0 l&rsquo;Imp\u00e9ratrice Eug\u00e9nie pour son action en faveur de la soierie lyonnaise<br \/>\no en\u00a0<b>1872<\/b>, le Cercle participe activement \u00e0 l&rsquo;exposition de la ville de Lyon, o\u00f9 la soierie est \u00e0 l&rsquo;honneur<br \/>\n* Et l&rsquo;on n&rsquo;\u00e9chappe pas aux limites du corporatisme :<br \/>\no en\u00a0<b>1884<\/b>, l&rsquo;ouverture du Cercle \u00e0 d&rsquo;autres professions est s\u00e8chement refus\u00e9e<br \/>\no ni l&rsquo;h\u00e9morragie caus\u00e9e par la\u00a0<b>Premi\u00e8re Guerre Mondiale<\/b>, ni la nette \u00e9rosion de la profession dans les ann\u00e9es qui suivent, n&rsquo;auront ais\u00e9ment raison de l&rsquo;ent\u00eatement des vieux soci\u00e9taires \u00e0 refuser tout membre qui ne serait pas chef d&rsquo;atelier tisseur !<br \/>\no il faut une crise grave, presque vitale, pour qu&rsquo;un nouveau pr\u00e9sident soit \u00e9lu, et que l&rsquo;on se d\u00e9cide enfin \u00e0 abroger en partie ces mesures d&rsquo;ostracisme qui scl\u00e9rosaient lentement mais s\u00fbrement le Cercle des Chefs d&rsquo;Atelier.<\/p>\n<p>C&rsquo;est, pendant toute cette p\u00e9riode, de mani\u00e8re tr\u00e8s progressive que semblent se d\u00e9velopper au Cercle un certain nombre de pratiques de loisirs.\u00a0Les jeux de cartes d&rsquo;abord.<\/p>\n<p>En ce qui concerne\u00a0<b>le billard<\/b>, il faudra faire preuve d&rsquo;encore un peu de patience, puisque si la proposition d&rsquo;achat d&rsquo;un billard fait l&rsquo;objet de d\u00e9bats tr\u00e8s anim\u00e9s en\u00a0<b>1875<\/b>, elle est cat\u00e9goriquement rejet\u00e9e !<\/p>\n<p>* Il faut attendre\u00a0<b>1882<\/b>\u00a0pour qu&rsquo;arrive le\u00a0<b>premier billard.<\/b><br \/>\n* L&rsquo;ann\u00e9e\u00a0<b>1900<\/b>\u00a0marque un tournant important avec\u00a0<b>l&rsquo;installation du Cercle\u00a0<a href=\"http:\/\/cca-lyon.fr\/index.php\/contact\/\" target=\"_blank\" rel=\"noopener noreferrer\">\u00e0 l&rsquo;adresse actuelle<\/a><\/b>. Ce n&rsquo;est alors qu&rsquo;un immense hangar o\u00f9 tout l&rsquo;am\u00e9nagement est \u00e0 faire, mais qu&rsquo;\u00e0 cela ne tienne : l&rsquo;\u00e9mission d&rsquo;actions \u00e0 3 % permettra de couvrir les frais de r\u00e9alisation des plafonds, planchers, huisseries, ainsi que de plusieurs jeux de boules.<br \/>\n* Dans les ann\u00e9es qui suivent, l&rsquo;essor des sports et loisirs n&#8217;emp\u00eache une participation assidue ni aux m\u00e2chons , ni aux manifestations artistiques, ni aux conf\u00e9rences donn\u00e9es par de prestigieux orateurs : Justin GODART, Edouard HERRIOT&#8230;<br \/>\n* Les difficult\u00e9s ne sont certes jamais absentes, mais deux guerres ne viendront pas \u00e0 bout du Cercle des Chefs d&rsquo;Atelier.<br \/>\n* Durant la seconde, de nombreux soci\u00e9taires sont prisonniers. Des collectes sont organis\u00e9es et des colis pr\u00e9par\u00e9s au cercle, et exp\u00e9di\u00e9s&#8230; Certains membres participent activement \u00e0 la R\u00e9sistance.<br \/>\n* C&rsquo;est en\u00a0<b>1945<\/b>\u00a0que le Centenaire est c\u00e9l\u00e9br\u00e9 avec (et pour cause !) un an de retard. L&rsquo;\u00e9v\u00e8nement est chaleureusement salu\u00e9 par le Maire de Lyon, Edouard HERRIOT, fra\u00eechement rentr\u00e9 de d\u00e9portation.<\/p>\n<p>La vie associative reprend ses droits&#8230; en m\u00eame temps que la vie tout court !<\/p>\n<p>La soif de vivre et la paix retrouv\u00e9e donnent un go\u00fbt particulier aux bonheurs les plus simples : les tables de belote, les billards et les jeux de boules tournent \u00e0 plein r\u00e9gime.<\/p>\n<p>* Un coup terrible va pourtant \u00eatre port\u00e9 au Cercle avec le d\u00e9veloppement de l&rsquo;automobile et la construction du tunnel sous la Croix-Rousse, une de ses chemin\u00e9es d&rsquo;a\u00e9ration \u00e9tant \u00e9rig\u00e9e au beau milieu du terrain !<br \/>\n* Lorsqu&rsquo;en\u00a0<b>1951<\/b>, le tunnel est inaugur\u00e9, il ne reste plus qu&rsquo;un jeu de boules sur les cinq qui existaient, et de nombreux soci\u00e9taires quittent petit \u00e0 petit un lieu qui ne r\u00e9pond plus \u00e0 leurs attentes&#8230;<\/p>\n<p>Il faut tout l&rsquo;acharnement d&rsquo;une poign\u00e9e de mordus pour \u00e9viter une disparition pure et simple du club.<\/p>\n<p>Une nouvelle orientation se dessine, dans laquelle le billard prend de plus en plus d&rsquo;importance. Le nombre des pratiquants augmente, et avec lui, le nombre et le niveau des comp\u00e9titions :<\/p>\n<p>* Des joueurs de grande classe arrivent, qui se font \u00e0 la fois un honneur et un plaisir de dispenser leur savoir.<br \/>\n* Des \u00e9coles fonctionnent r\u00e9guli\u00e8rement et les jeunes progressent \u00e0 grands pas.<br \/>\n* Des titres prestigieux viennent r\u00e9guli\u00e8rement r\u00e9compenser les efforts du club, comme autant d&rsquo;hommages \u00e0 ceux qui n&rsquo;avaient pas voulu cesser d&rsquo;y croire !<\/p>\n<p>Le Cercle des Chefs d&rsquo;Atelier s&rsquo;affirme d\u00e9sormais comme un club dynamique, aussi r\u00e9solument tourn\u00e9 vers l&rsquo;avenir qu&rsquo;il est solidement ancr\u00e9 dans l&rsquo; histoire locale.<\/p>\n<p>Aussi n&rsquo;est-ce peut-\u00eatre pas tout \u00e0 fait par hasard que la Ligue Rh\u00f4ne-Alpes de Billard d\u00e9cide \u00e0 la fin des ann\u00e9es 50 d&rsquo;\u00e9tablir dans les m\u00eames murs son si\u00e8ge social&#8230;<\/p>\n<p>Raison de plus, s&rsquo;il en fallait une, pour que le lieu s&rsquo;attache \u00e0 assurer la cohabitation harmonieuse du \u00ab\u00a0billard loisir\u00a0\u00bb et d&rsquo;une approche plus sportive.<\/p>\n<p>* Convivialit\u00e9 et bonne franquette peut-\u00eatre h\u00e9rit\u00e9es du fin fond des ateliers de tissage&#8230;<\/p>\n<p>* Plaisir de se retrouver au-del\u00e0 des diff\u00e9rences de professions, de g\u00e9n\u00e9rations, de petites habitudes ou de grandes id\u00e9es&#8230;<\/p>\n<p>* Bonheur de partager la m\u00eame passion du billard&#8230;<\/p>\n<p>Les recettes les plus simples sont souvent les meilleures pour que chacun se sente bien. Nombreux sont celles et ceux qui ont pu le v\u00e9rifier sur place.<\/p>\n<p>Si ce n&rsquo;est pas encore votre cas, et que vous souhaitiez en savoir un peu plus, vous pouvez nous contacter de quelques clics.\u00a0Mais le mieux est encore de venir nous voir \u00ab\u00a0pour de vrai\u00a0\u00bb&#8230;<\/p>\n<p>NB Le cin\u00e9aste Marcel Oph\u00fcls tourna au CCA plusieurs s\u00e9quences de son film \u00ab\u00a0H\u00f4tel Terminus, Klaus Barbie, sa vie et son temps\u00a0\u00bb, oscar du meilleur film documentaire en 1989. On y retrouve entre autres les commentaires de trois soci\u00e9taires du club: Raymond L\u00e9vy, Marcel Cruat et Henri Varlot.\u00a0 <a href=\"https:\/\/youtu.be\/ebT5leGXHoI?t=70\">\u00a0LIEN VIDEO<\/a><\/p>\n<\/div>\n<\/div>\n<\/div>\n","protected":false},"excerpt":{"rendered":"<p>Quelques rep\u00e8res 1844 : cr\u00e9ation du cercle 1882 : achat du premier billard 1900 : installation au 26 rue de Crim\u00e9e 2014 : grande f\u00eate pour c\u00e9l\u00e9brer le 170\u00e8me anniversaire 2024 : grande f\u00eate (encore !) pour c\u00e9l\u00e9brer le 180\u00e8me anniversaire Comme le montre\u00a0l&rsquo;acte de naissance,\u00a0le 18 F\u00e9vrier 1844, le \u00ab\u00a0Cercle des Chefs d&rsquo;Atelier de [&hellip;]<\/p>\n","protected":false},"author":4,"featured_media":0,"parent":0,"menu_order":0,"comment_status":"closed","ping_status":"closed","template":"","meta":{"footnotes":""},"class_list":["post-38","page","type-page","status-publish","hentry"],"_links":{"self":[{"href":"https:\/\/cca-lyon.fr\/index.php\/wp-json\/wp\/v2\/pages\/38","targetHints":{"allow":["GET"]}}],"collection":[{"href":"https:\/\/cca-lyon.fr\/index.php\/wp-json\/wp\/v2\/pages"}],"about":[{"href":"https:\/\/cca-lyon.fr\/index.php\/wp-json\/wp\/v2\/types\/page"}],"author":[{"embeddable":true,"href":"https:\/\/cca-lyon.fr\/index.php\/wp-json\/wp\/v2\/users\/4"}],"replies":[{"embeddable":true,"href":"https:\/\/cca-lyon.fr\/index.php\/wp-json\/wp\/v2\/comments?post=38"}],"version-history":[{"count":16,"href":"https:\/\/cca-lyon.fr\/index.php\/wp-json\/wp\/v2\/pages\/38\/revisions"}],"predecessor-version":[{"id":2696,"href":"https:\/\/cca-lyon.fr\/index.php\/wp-json\/wp\/v2\/pages\/38\/revisions\/2696"}],"wp:attachment":[{"href":"https:\/\/cca-lyon.fr\/index.php\/wp-json\/wp\/v2\/media?parent=38"}],"curies":[{"name":"wp","href":"https:\/\/api.w.org\/{rel}","templated":true}]}}