{"id":40,"date":"2016-03-25T21:31:07","date_gmt":"2016-03-25T20:31:07","guid":{"rendered":"http:\/\/cca-lyon.fr\/?page_id=40"},"modified":"2025-10-27T18:40:29","modified_gmt":"2025-10-27T17:40:29","slug":"le-comite-directeur","status":"publish","type":"page","link":"https:\/\/cca-lyon.fr\/index.php\/le-comite-directeur\/","title":{"rendered":"Le comit\u00e9 directeur"},"content":{"rendered":"\n<p>Voici les membres du comit\u00e9 directeur, \u00e9lus lors de l&rsquo;Assembl\u00e9e G\u00e9n\u00e9rale du 19 septembre 2024.<\/p>\n\n\n\n<table id=\"tablepress-5\" class=\"tablepress tablepress-id-5 tbody-has-connected-cells\">\n<tbody>\n<tr class=\"row-1\">\n\t<td colspan=\"3\" class=\"column-1\"><strong>Membres du Bureau<\/strong><\/td>\n<\/tr>\n<tr class=\"row-2\">\n\t<td class=\"column-1\">Ali MIKDAD<\/td><td class=\"column-2\">Pr\u00e9sident<br \/>\n&amp; Commission sportive nationale<\/td><td class=\"column-3\"><img loading=\"lazy\" decoding=\"async\" src=\"https:\/\/cca-lyon.fr\/wp-content\/uploads\/2024\/09\/mikdad-150x150.png\" alt=\"\" width=\"150\" height=\"150\" class=\"alignnone size-thumbnail wp-image-2722\" srcset=\"https:\/\/cca-lyon.fr\/wp-content\/uploads\/2024\/09\/mikdad-150x150.png 150w, https:\/\/cca-lyon.fr\/wp-content\/uploads\/2024\/09\/mikdad-50x50.png 50w, https:\/\/cca-lyon.fr\/wp-content\/uploads\/2024\/09\/mikdad.png 252w\" sizes=\"auto, (max-width: 150px) 100vw, 150px\" \/><\/td>\n<\/tr>\n<tr class=\"row-3\">\n\t<td class=\"column-1\">C\u00e9cile LAGABRIELLE<\/td><td class=\"column-2\">Vice-pr\u00e9sidente<\/td><td class=\"column-3\"><img loading=\"lazy\" decoding=\"async\" src=\"https:\/\/cca-lyon.fr\/wp-content\/uploads\/2024\/09\/cecile-150x150.png\" alt=\"\" width=\"150\" height=\"150\" class=\"alignnone size-thumbnail wp-image-2725\" srcset=\"https:\/\/cca-lyon.fr\/wp-content\/uploads\/2024\/09\/cecile-150x150.png 150w, https:\/\/cca-lyon.fr\/wp-content\/uploads\/2024\/09\/cecile-300x300.png 300w, https:\/\/cca-lyon.fr\/wp-content\/uploads\/2024\/09\/cecile-50x50.png 50w, https:\/\/cca-lyon.fr\/wp-content\/uploads\/2024\/09\/cecile.png 484w\" sizes=\"auto, (max-width: 150px) 100vw, 150px\" \/><\/td>\n<\/tr>\n<tr class=\"row-4\">\n\t<td class=\"column-1\">Pascal BEADES<\/td><td class=\"column-2\">Vice-pr\u00e9sident<\/td><td class=\"column-3\"><img loading=\"lazy\" decoding=\"async\" src=\"https:\/\/cca-lyon.fr\/wp-content\/uploads\/2024\/09\/Pascal-150x150.png\" alt=\"\" width=\"150\" height=\"150\" class=\"alignnone size-thumbnail wp-image-2726\" srcset=\"https:\/\/cca-lyon.fr\/wp-content\/uploads\/2024\/09\/Pascal-150x150.png 150w, https:\/\/cca-lyon.fr\/wp-content\/uploads\/2024\/09\/Pascal-50x50.png 50w, https:\/\/cca-lyon.fr\/wp-content\/uploads\/2024\/09\/Pascal.png 205w\" sizes=\"auto, (max-width: 150px) 100vw, 150px\" \/><\/td>\n<\/tr>\n<tr class=\"row-5\">\n\t<td class=\"column-1\">Evelyne BROCHAND<\/td><td class=\"column-2\">Tr\u00e9sori\u00e8re<\/td><td class=\"column-3\"><img loading=\"lazy\" decoding=\"async\" src=\"https:\/\/cca-lyon.fr\/wp-content\/uploads\/2016\/03\/IMG_20180920_202944-150x150.jpg\" alt=\"\" width=\"150\" height=\"150\" class=\"alignnone size-thumbnail wp-image-1258\" \/><\/td>\n<\/tr>\n<tr class=\"row-6\">\n\t<td class=\"column-1\">Philippe PENNETIER<\/td><td class=\"column-2\">Tr\u00e9sorier adjoint<\/td><td class=\"column-3\"><img loading=\"lazy\" decoding=\"async\" src=\"https:\/\/cca-lyon.fr\/wp-content\/uploads\/2024\/09\/PhilippeP-150x150.png\" alt=\"\" width=\"150\" height=\"150\" class=\"alignnone size-thumbnail wp-image-2728\" srcset=\"https:\/\/cca-lyon.fr\/wp-content\/uploads\/2024\/09\/PhilippeP-150x150.png 150w, https:\/\/cca-lyon.fr\/wp-content\/uploads\/2024\/09\/PhilippeP-300x300.png 300w, https:\/\/cca-lyon.fr\/wp-content\/uploads\/2024\/09\/PhilippeP-768x768.png 768w, https:\/\/cca-lyon.fr\/wp-content\/uploads\/2024\/09\/PhilippeP-50x50.png 50w, https:\/\/cca-lyon.fr\/wp-content\/uploads\/2024\/09\/PhilippeP.png 833w\" sizes=\"auto, (max-width: 150px) 100vw, 150px\" \/><\/td>\n<\/tr>\n<tr class=\"row-7\">\n\t<td class=\"column-1\">Thomas BLETON<\/td><td class=\"column-2\">Secr\u00e9taire<\/td><td class=\"column-3\"><img loading=\"lazy\" decoding=\"async\" src=\"https:\/\/cca-lyon.fr\/wp-content\/uploads\/2024\/09\/thomasb-150x150.png\" alt=\"\" width=\"150\" height=\"150\" class=\"alignnone size-thumbnail wp-image-2731\" srcset=\"https:\/\/cca-lyon.fr\/wp-content\/uploads\/2024\/09\/thomasb-150x150.png 150w, https:\/\/cca-lyon.fr\/wp-content\/uploads\/2024\/09\/thomasb-300x300.png 300w, https:\/\/cca-lyon.fr\/wp-content\/uploads\/2024\/09\/thomasb-50x50.png 50w, https:\/\/cca-lyon.fr\/wp-content\/uploads\/2024\/09\/thomasb.png 550w\" sizes=\"auto, (max-width: 150px) 100vw, 150px\" \/><\/td>\n<\/tr>\n<tr class=\"row-8\">\n\t<td class=\"column-1\">Louis VOVELLE<\/td><td class=\"column-2\">Secr\u00e9taire adjoint<\/td><td class=\"column-3\"><img loading=\"lazy\" decoding=\"async\" src=\"https:\/\/cca-lyon.fr\/wp-content\/uploads\/2024\/09\/Vovelle-e1727205771751-150x150.jpg\" alt=\"\" width=\"150\" height=\"150\" class=\"alignnone size-thumbnail wp-image-2719\" srcset=\"https:\/\/cca-lyon.fr\/wp-content\/uploads\/2024\/09\/Vovelle-e1727205771751-150x150.jpg 150w, https:\/\/cca-lyon.fr\/wp-content\/uploads\/2024\/09\/Vovelle-e1727205771751-300x300.jpg 300w, https:\/\/cca-lyon.fr\/wp-content\/uploads\/2024\/09\/Vovelle-e1727205771751-1024x1024.jpg 1024w, https:\/\/cca-lyon.fr\/wp-content\/uploads\/2024\/09\/Vovelle-e1727205771751-768x768.jpg 768w, https:\/\/cca-lyon.fr\/wp-content\/uploads\/2024\/09\/Vovelle-e1727205771751-1536x1536.jpg 1536w, https:\/\/cca-lyon.fr\/wp-content\/uploads\/2024\/09\/Vovelle-e1727205771751-50x50.jpg 50w, https:\/\/cca-lyon.fr\/wp-content\/uploads\/2024\/09\/Vovelle-e1727205771751.jpg 1874w\" sizes=\"auto, (max-width: 150px) 100vw, 150px\" \/><\/td>\n<\/tr>\n<tr class=\"row-9\">\n\t<td colspan=\"3\" class=\"column-1\"><strong>Autres membres du CD<\/strong><\/td>\n<\/tr>\n<tr class=\"row-10\">\n\t<td class=\"column-1\">Thierry BOYER<\/td><td class=\"column-2\">Membre du CD<\/td><td class=\"column-3\"><img loading=\"lazy\" decoding=\"async\" src=\"https:\/\/cca-lyon.fr\/wp-content\/uploads\/2024\/09\/boyer-scaled-e1727205839331-150x150.jpg\" alt=\"\" width=\"150\" height=\"150\" class=\"alignnone size-thumbnail wp-image-2720\" srcset=\"https:\/\/cca-lyon.fr\/wp-content\/uploads\/2024\/09\/boyer-scaled-e1727205839331-150x150.jpg 150w, https:\/\/cca-lyon.fr\/wp-content\/uploads\/2024\/09\/boyer-scaled-e1727205839331-300x300.jpg 300w, https:\/\/cca-lyon.fr\/wp-content\/uploads\/2024\/09\/boyer-scaled-e1727205839331-1024x1024.jpg 1024w, https:\/\/cca-lyon.fr\/wp-content\/uploads\/2024\/09\/boyer-scaled-e1727205839331-768x768.jpg 768w, https:\/\/cca-lyon.fr\/wp-content\/uploads\/2024\/09\/boyer-scaled-e1727205839331-1536x1536.jpg 1536w, https:\/\/cca-lyon.fr\/wp-content\/uploads\/2024\/09\/boyer-scaled-e1727205839331-50x50.jpg 50w, https:\/\/cca-lyon.fr\/wp-content\/uploads\/2024\/09\/boyer-scaled-e1727205839331.jpg 1923w\" sizes=\"auto, (max-width: 150px) 100vw, 150px\" \/><\/td>\n<\/tr>\n<tr class=\"row-11\">\n\t<td class=\"column-1\">Evelyne CARRET-THALLER<\/td><td class=\"column-2\">Commission Ecole &amp; Formation<\/td><td class=\"column-3\"><img loading=\"lazy\" decoding=\"async\" src=\"https:\/\/cca-lyon.fr\/wp-content\/uploads\/2018\/09\/IMG_20180920_200542-150x150.jpg\" alt=\"\" width=\"150\" height=\"150\" class=\"alignnone size-thumbnail wp-image-1256\" \/><\/td>\n<\/tr>\n<tr class=\"row-12\">\n\t<td class=\"column-1\">Philippe CHASTAGNER<\/td><td class=\"column-2\">Membre du CD<\/td><td class=\"column-3\"><img loading=\"lazy\" decoding=\"async\" src=\"https:\/\/cca-lyon.fr\/wp-content\/uploads\/2024\/09\/philippeCh-150x150.png\" alt=\"\" width=\"150\" height=\"150\" class=\"alignnone size-thumbnail wp-image-2727\" srcset=\"https:\/\/cca-lyon.fr\/wp-content\/uploads\/2024\/09\/philippeCh-150x150.png 150w, https:\/\/cca-lyon.fr\/wp-content\/uploads\/2024\/09\/philippeCh-300x300.png 300w, https:\/\/cca-lyon.fr\/wp-content\/uploads\/2024\/09\/philippeCh-50x50.png 50w, https:\/\/cca-lyon.fr\/wp-content\/uploads\/2024\/09\/philippeCh.png 592w\" sizes=\"auto, (max-width: 150px) 100vw, 150px\" \/><\/td>\n<\/tr>\n<tr class=\"row-13\">\n\t<td class=\"column-1\">Thierry DUSAUSOIT<\/td><td class=\"column-2\">Membre du CD<\/td><td class=\"column-3\"><img loading=\"lazy\" decoding=\"async\" src=\"https:\/\/cca-lyon.fr\/wp-content\/uploads\/2016\/03\/DUSAUSOIT-Thierry-150x150.jpg\" alt=\"\" width=\"150\" height=\"150\" class=\"alignnone size-thumbnail wp-image-385\" \/><\/td>\n<\/tr>\n<tr class=\"row-14\">\n\t<td class=\"column-1\">Thierry GODINOT<\/td><td class=\"column-2\">Commission sportive r\u00e9gionale<\/td><td class=\"column-3\"><img loading=\"lazy\" decoding=\"async\" src=\"https:\/\/cca-lyon.fr\/wp-content\/uploads\/2024\/09\/thierryG-150x150.png\" alt=\"\" width=\"150\" height=\"150\" class=\"alignnone size-thumbnail wp-image-2729\" srcset=\"https:\/\/cca-lyon.fr\/wp-content\/uploads\/2024\/09\/thierryG-150x150.png 150w, https:\/\/cca-lyon.fr\/wp-content\/uploads\/2024\/09\/thierryG-300x300.png 300w, https:\/\/cca-lyon.fr\/wp-content\/uploads\/2024\/09\/thierryG-50x50.png 50w, https:\/\/cca-lyon.fr\/wp-content\/uploads\/2024\/09\/thierryG.png 599w\" sizes=\"auto, (max-width: 150px) 100vw, 150px\" \/><\/td>\n<\/tr>\n<tr class=\"row-15\">\n\t<td class=\"column-1\">Philippe SAILLANT<\/td><td class=\"column-2\">Membre du CD<\/td><td class=\"column-3\"><img loading=\"lazy\" decoding=\"async\" src=\"https:\/\/cca-lyon.fr\/wp-content\/uploads\/2020\/01\/IMG_20200111_1607161-e1580889217292-150x150.jpg\" alt=\"\" width=\"150\" height=\"150\" class=\"alignnone size-thumbnail wp-image-1648\" \/><\/td>\n<\/tr>\n<\/tbody>\n<\/table>\n<!-- #tablepress-5 from cache -->","protected":false},"excerpt":{"rendered":"<p>Voici les membres du comit\u00e9 directeur, \u00e9lus lors de l&rsquo;Assembl\u00e9e G\u00e9n\u00e9rale du 19 septembre 2024.<\/p>\n","protected":false},"author":4,"featured_media":0,"parent":0,"menu_order":0,"comment_status":"closed","ping_status":"closed","template":"","meta":{"footnotes":""},"class_list":["post-40","page","type-page","status-publish","hentry"],"_links":{"self":[{"href":"https:\/\/cca-lyon.fr\/index.php\/wp-json\/wp\/v2\/pages\/40","targetHints":{"allow":["GET"]}}],"collection":[{"href":"https:\/\/cca-lyon.fr\/index.php\/wp-json\/wp\/v2\/pages"}],"about":[{"href":"https:\/\/cca-lyon.fr\/index.php\/wp-json\/wp\/v2\/types\/page"}],"author":[{"embeddable":true,"href":"https:\/\/cca-lyon.fr\/index.php\/wp-json\/wp\/v2\/users\/4"}],"replies":[{"embeddable":true,"href":"https:\/\/cca-lyon.fr\/index.php\/wp-json\/wp\/v2\/comments?post=40"}],"version-history":[{"count":41,"href":"https:\/\/cca-lyon.fr\/index.php\/wp-json\/wp\/v2\/pages\/40\/revisions"}],"predecessor-version":[{"id":3021,"href":"https:\/\/cca-lyon.fr\/index.php\/wp-json\/wp\/v2\/pages\/40\/revisions\/3021"}],"wp:attachment":[{"href":"https:\/\/cca-lyon.fr\/index.php\/wp-json\/wp\/v2\/media?parent=40"}],"curies":[{"name":"wp","href":"https:\/\/api.w.org\/{rel}","templated":true}]}}