{"id":44,"date":"2016-03-25T21:32:37","date_gmt":"2016-03-25T20:32:37","guid":{"rendered":"http:\/\/cca-lyon.fr\/?page_id=44"},"modified":"2019-10-14T16:51:56","modified_gmt":"2019-10-14T14:51:56","slug":"feminines","status":"publish","type":"page","link":"https:\/\/cca-lyon.fr\/index.php\/feminines\/","title":{"rendered":"Le billard au f\u00e9minin"},"content":{"rendered":"<p>Tout le monde peut jouer au billard : gar\u00e7on, fille, homme, femme et \u00e0 tout \u00e2ge.<\/p>\n<p>Le billard dans sa longue histoire a longtemps \u00e9t\u00e9 r\u00e9serv\u00e9 aux hommes et cela parce que les billards se trouvaient dans les caf\u00e9s, les auberges et les estaminets. Tous lieux dans lesquels les \u00ab\u00a0honn\u00eates femmes\u00a0\u00bb ne se montraient pas.<br \/>\nDepuis un demi-si\u00e8cle les billards se trouvent principalement dans des clubs. Mais les pr\u00e9jug\u00e9s ont la vie dure !<br \/>\nIl se peut aussi que les hommes n&rsquo;aient pas vraiment fait l&rsquo;effort de faire une place aux femmes \u2026<\/p>\n<p><img loading=\"lazy\" decoding=\"async\" class=\"size-medium wp-image-513 alignleft\" src=\"http:\/\/cca-lyon.fr\/wp-content\/uploads\/2016\/03\/jpp_2014_ffb_loisir_carambole_032-200x300.jpg\" alt=\"jpp_2014_ffb_loisir_carambole_032\" width=\"200\" height=\"300\" srcset=\"https:\/\/cca-lyon.fr\/wp-content\/uploads\/2016\/03\/jpp_2014_ffb_loisir_carambole_032-200x300.jpg 200w, https:\/\/cca-lyon.fr\/wp-content\/uploads\/2016\/03\/jpp_2014_ffb_loisir_carambole_032-768x1153.jpg 768w, https:\/\/cca-lyon.fr\/wp-content\/uploads\/2016\/03\/jpp_2014_ffb_loisir_carambole_032-682x1024.jpg 682w, https:\/\/cca-lyon.fr\/wp-content\/uploads\/2016\/03\/jpp_2014_ffb_loisir_carambole_032.jpg 799w\" sizes=\"auto, (max-width: 200px) 100vw, 200px\" \/>Le CCA a fait cet effort et cela se concr\u00e9tise puisque le club se place parmi les meilleurs clubs de la f\u00e9d\u00e9ration fran\u00e7aise de billard, dans ce registre comme dans beaucoup d&rsquo;autres.<\/p>\n<p>Le billard ne comporte aucun aspect qui pourrait poser un quelconque probl\u00e8me pour la pratique f\u00e9minine. Aucune notion de force ou de puissance. La confrontation avec l&rsquo;adversaire est toujours indirecte.<\/p>\n<p>Seules comptent la technique, la concentration, l&rsquo;application, la ma\u00eetrise de soi.<\/p>\n<p>Nous avons avions 9 femmes licenci\u00e9s la saison derni\u00e8re et la pr\u00e9sence f\u00e9minine promet cette ann\u00e9e d&rsquo;\u00eatre encore plus \u00e9lev\u00e9e\/<\/p>\n<p>Nous aurons au moins 3 comp\u00e9titrices r\u00e9gionales cette saison.<\/p>\n","protected":false},"excerpt":{"rendered":"<p>Tout le monde peut jouer au billard : gar\u00e7on, fille, homme, femme et \u00e0 tout \u00e2ge. Le billard dans sa longue histoire a longtemps \u00e9t\u00e9 r\u00e9serv\u00e9 aux hommes et cela parce que les billards se trouvaient dans les caf\u00e9s, les auberges et les estaminets. Tous lieux dans lesquels les \u00ab\u00a0honn\u00eates femmes\u00a0\u00bb ne se montraient pas. [&hellip;]<\/p>\n","protected":false},"author":4,"featured_media":0,"parent":0,"menu_order":0,"comment_status":"closed","ping_status":"closed","template":"","meta":{"footnotes":""},"class_list":["post-44","page","type-page","status-publish","hentry"],"_links":{"self":[{"href":"https:\/\/cca-lyon.fr\/index.php\/wp-json\/wp\/v2\/pages\/44","targetHints":{"allow":["GET"]}}],"collection":[{"href":"https:\/\/cca-lyon.fr\/index.php\/wp-json\/wp\/v2\/pages"}],"about":[{"href":"https:\/\/cca-lyon.fr\/index.php\/wp-json\/wp\/v2\/types\/page"}],"author":[{"embeddable":true,"href":"https:\/\/cca-lyon.fr\/index.php\/wp-json\/wp\/v2\/users\/4"}],"replies":[{"embeddable":true,"href":"https:\/\/cca-lyon.fr\/index.php\/wp-json\/wp\/v2\/comments?post=44"}],"version-history":[{"count":10,"href":"https:\/\/cca-lyon.fr\/index.php\/wp-json\/wp\/v2\/pages\/44\/revisions"}],"predecessor-version":[{"id":399,"href":"https:\/\/cca-lyon.fr\/index.php\/wp-json\/wp\/v2\/pages\/44\/revisions\/399"}],"wp:attachment":[{"href":"https:\/\/cca-lyon.fr\/index.php\/wp-json\/wp\/v2\/media?parent=44"}],"curies":[{"name":"wp","href":"https:\/\/api.w.org\/{rel}","templated":true}]}}