{"id":60,"date":"2016-04-20T14:32:49","date_gmt":"2016-04-20T13:32:49","guid":{"rendered":"http:\/\/cca-lyon.fr\/?page_id=60"},"modified":"2026-03-16T21:31:29","modified_gmt":"2026-03-16T20:31:29","slug":"contact","status":"publish","type":"page","link":"https:\/\/cca-lyon.fr\/index.php\/contact\/","title":{"rendered":"Contact"},"content":{"rendered":"<div class=\"divTitreArticle\">\n<hr \/>\n<\/div>\n<div class=\"divTitreArticle\">\n<h1 style=\"text-align: center;\"><strong><br \/>\nCERCLE DES CHEFS D&rsquo;ATELIER<\/strong><\/h1>\n<\/div>\n<div class=\"divTitreArticle\">\n<p style=\"text-align: center;\"><strong>33 bis cours G\u00e9n\u00e9ral Giraud &#8211; 69001 LYON<\/strong><\/p>\n<p style=\"text-align: center;\"><strong>T\u00e9l\u00e9phone \u00a0: 04 78 28 17 85<\/strong><\/p>\n<p style=\"text-align: center;\"><strong>eMail : <a href=\"mailto:cca-lyon@cca-lyon.fr\">cca-lyon@cca-lyon.fr<\/a><\/strong><\/p>\n<p style=\"text-align: center;\"><a href=\"https:\/\/www.facebook.com\/cca.billard.lyon\">Facebook<\/a> &#8211; <a href=\"https:\/\/www.instagram.com\/cca.billard.lyon\">Instagram<\/a><\/p>\n<p><!--more--><\/p>\n<hr \/>\n<\/div>\n<div class=\"contenuArticle\">\n<div class=\"ob-sections\">\n<div class=\"ob-section ob-section-html\">\n<div class=\"divTitreArticle\">\n<h2 style=\"text-align: center;\">Quand jouer ?\u00a0 <a href=\"http:\/\/cca-lyon.fr\/index.php\/les-horaires\/\" target=\"blank\" rel=\"noopener noreferrer\">voir les Horaires du club<\/a><\/h2>\n<hr \/>\n<h2>Comment se rendre au club&#8230;<\/h2>\n<div class=\"contenuArticle\">\n<div class=\"ob-sections\">\n<div class=\"ob-section ob-section-html\"><\/div>\n<\/div>\n<\/div>\n<div class=\"clear\"><img loading=\"lazy\" decoding=\"async\" class=\"alignnone size-full wp-image-3158\" src=\"https:\/\/cca-lyon.fr\/wp-content\/uploads\/2026\/03\/plan.png\" alt=\"\" width=\"978\" height=\"758\" srcset=\"https:\/\/cca-lyon.fr\/wp-content\/uploads\/2026\/03\/plan.png 978w, https:\/\/cca-lyon.fr\/wp-content\/uploads\/2026\/03\/plan-300x233.png 300w, https:\/\/cca-lyon.fr\/wp-content\/uploads\/2026\/03\/plan-768x595.png 768w, https:\/\/cca-lyon.fr\/wp-content\/uploads\/2026\/03\/plan-50x39.png 50w\" sizes=\"auto, (max-width: 978px) 100vw, 978px\" \/><\/div>\n<div class=\"clear\"><\/div>\n<div class=\"clear\">\n<hr \/>\n<\/div>\n<p class=\"clear\">\u00a0<span style=\"text-decoration: underline;\"><strong>Par le train\u00a0:\u00a0<\/strong><\/span><\/p>\n<\/div>\n<div class=\"contenuArticle\">\n<div class=\"ob-sections\">\n<div class=\"ob-section ob-section-html\">\n<ul>\n<li><span dir=\"ltr\"><strong><em>Depuis la gare de Perrache<\/em><\/strong><\/span><\/li>\n<\/ul>\n<ol>\n<li><span dir=\"ltr\">Prendre le m\u00e9tro ligne A direction VAULX-EN-VELIN La Soie (site M\u00e9tro \/ Bus :\u00a0<a href=\"http:\/\/www.tcl.fr\/\">www.tcl.fr<\/a>\u00a0)<\/span><\/li>\n<li><span dir=\"ltr\">Descendre \u00e0 l&rsquo;arr\u00eat H\u00f4tel de Ville Louis PRADEL<\/span><\/li>\n<li><span dir=\"ltr\">Prendre le bus ligne C13 direction MONTESSUY<\/span><\/li>\n<li><span dir=\"ltr\">Descendre \u00e0 l&rsquo;arr\u00eat DUROC<\/span><\/li>\n<li><span dir=\"ltr\">En sortant, vous \u00eates sur le cours G\u00e9n\u00e9ral Giraud<\/span><\/li>\n<li><span dir=\"ltr\">Demi-tour, restez sur le trottoir et faites 200m jusqu&rsquo;au 33bis<\/span><\/li>\n<\/ol>\n<ul>\n<li><span dir=\"ltr\"><em><strong>Depuis la gare de la PART-DIEU<\/strong><\/em><\/span><\/li>\n<\/ul>\n<ol>\n<li><span dir=\"ltr\">Prendre le bus ligne\u00a0<strong>C13<\/strong> direction MONTESSUY, jusqu&rsquo;\u00e0 l&rsquo;arr\u00eat DUROC<\/span><\/li>\n<li><span dir=\"ltr\"><span dir=\"ltr\">\u2026\u2026\u2026. Et apr\u00e8s, c&rsquo;est comme ci-dessus \u2026\u2026\u2026<\/span><\/span><\/li>\n<li><span dir=\"ltr\">ou<\/span><\/li>\n<li><span dir=\"ltr\"><span dir=\"ltr\">Prendre le m\u00e9tro ligne B direction CHARPENNE, jusqu&rsquo;au bout station CHARPENNES<\/span><\/span><\/li>\n<li><span dir=\"ltr\">Prendre le m\u00e9tro ligne A direction PERRACHE<\/span><\/li>\n<li><span dir=\"ltr\">Descendre \u00e0 l&rsquo;arr\u00eat H\u00f4tel de Ville Louis PRADEL<\/span><\/li>\n<li><span dir=\"ltr\">Prendre le bus ligne C13 direction MONTESSUY<\/span><\/li>\n<li><span dir=\"ltr\">\u2026\u2026\u2026. Et apr\u00e8s, c&rsquo;est comme ci-dessus \u2026\u2026\u2026<\/span><\/li>\n<\/ol>\n<p><span style=\"text-decoration: underline;\"><span dir=\"ltr\"><strong>Par l&rsquo;avion<\/strong>\u00a0:\u00a0<\/span><\/span><\/p>\n<ul>\n<li><span dir=\"ltr\"><em><strong>Depuis l&rsquo;a\u00e9roport SAINT-EXUPERY<\/strong><\/em><\/span><\/li>\n<\/ul>\n<ol>\n<li><span dir=\"ltr\">Prendre la navette SATOBUS jusqu&rsquo;\u00e0 la gare de la PART-DIEU.<\/span><\/li>\n<li><span dir=\"ltr\">Ensuite prendre le m\u00e9tro, comme ci-dessus.<\/span><\/li>\n<\/ol>\n<p><span style=\"text-decoration: underline;\"><span dir=\"ltr\"><strong>Par la route<\/strong>\u00a0:\u00a0<\/span><\/span><\/p>\n<ul>\n<li><span dir=\"ltr\"><strong><em>Depuis PARIS et Nord de LYON<\/em><\/strong><\/span><\/li>\n<\/ul>\n<ol>\n<li><span dir=\"ltr\">Apr\u00e8s le tunnel sous FOURVIERE<\/span><\/li>\n<li><span dir=\"ltr\">Sortir LYON Centre, Rive droite<\/span><\/li>\n<li><span dir=\"ltr\">Remonter les quais du Rh\u00f4ne rive droite<\/span><\/li>\n<li><span dir=\"ltr\">Suivre CROIX-ROUSSE Plateau<\/span><\/li>\n<li><span dir=\"ltr\">Arriv\u00e9 sur le boulevard de la CROIX-ROUSSE, \u00e0 la hauteur de la mairie du 4<sup>e<\/sup>\u00a0arrondissement (grosse b\u00e2tisse avec 2 petits parcs de part et d&rsquo;autre, la rue RAYMOND et de l&rsquo;autre c\u00f4t\u00e9, qui donne sur la rue de Crim\u00e9e.<\/span><\/li>\n<\/ol>\n<ul>\n<li><span dir=\"ltr\"><strong><em>Depuis l&rsquo;A6 et Nord de LYON (variante)<\/em><\/strong><\/span><\/li>\n<\/ul>\n<ol>\n<li><span dir=\"ltr\">Avant le tunnel sous FOURVIERE, prendre la sortie VAISE<\/span><\/li>\n<li><span dir=\"ltr\">Dans les ronds-points, toujours suivre la direction Lyon Vaise, et toujours tout droit<\/span><\/li>\n<li><span dir=\"ltr\">Vous \u00eates sur la rue MARIETTON, au bout (1km) tout droit devant vous, le pont qui enjambe la Sa\u00f4ne.<\/span><\/li>\n<li><span dir=\"ltr\">Pass\u00e9 le pont, vous \u00eates devant l&rsquo;entr\u00e9e du tunnel sous la Croix-Rousse. Il faut tourner \u00e0 droite avant le tunnel, et prendre la mont\u00e9e \u00e0 gauche : Mont\u00e9e des Esses<\/span><\/li>\n<li><span dir=\"ltr\">En haut, c&rsquo;est la boulevard de la Croix-Rousse, prendre \u00e0 gauche.<\/span><\/li>\n<li><span dir=\"ltr\">Arriv\u00e9 sur le boulevard de la CROIX-ROUSSE, \u00e0 la hauteur de la mairie du 4<sup>e<\/sup>\u00a0arrondissement (grosse b\u00e2tisse avec 2 petits parcs de part et d&rsquo;autre), la rue St Fran\u00e7ois d&rsquo;Assises est de l&rsquo;autre c\u00f4t\u00e9 du boulevard, qui donne sur la rue de Crim\u00e9e \u00e0 gauche.<\/span><\/li>\n<li><span dir=\"ltr\">Arriv\u00e9 sur le boulevard de la CROIX-ROUSSE, \u00e0 la hauteur de la mairie du 4<sup>e<\/sup>\u00a0arrondissement (grosse b\u00e2tisse avec 2 petits parcs de part et d&rsquo;autre), au feu la rue St Fran\u00e7ois d&rsquo;Assises \u00e0 droite, et ensuite \u00e0 gauche, vous \u00eates dans la rue de Crim\u00e9e, \u00e0 25m du club.<\/span><\/li>\n<\/ol>\n<ul>\n<li><span dir=\"ltr\"><em><strong>Depuis l&rsquo;A7 Sud de LYON<\/strong><\/em><\/span><\/li>\n<\/ul>\n<ol>\n<li><span dir=\"ltr\">Suivre Lyon Centre sur l&rsquo;autoroute<\/span><\/li>\n<li><span dir=\"ltr\">Remonter les quais du Rh\u00f4ne rive droite.<\/span><\/li>\n<li><span dir=\"ltr\">Suivre CROIX-ROUSSE Plateau<\/span><\/li>\n<li><span dir=\"ltr\">Arriv\u00e9 sur le boulevard de la CROIX-ROUSSE, \u00e0 la hauteur de la mairie du 4<sup>e<\/sup>\u00a0arrondissement (grosse b\u00e2tisse avec 2 petits parcs de part et d&rsquo;autre, la rue RAYMOND et de l&rsquo;autre c\u00f4t\u00e9, qui donne sur la rue de Crim\u00e9e.<\/span><\/li>\n<\/ol>\n<p><a href=\"http:\/\/cca-lyon.fr\/wp-content\/uploads\/2016\/04\/Pour-se-rendre-au-CCA.pdf\" target=\"_blank\" rel=\"noopener noreferrer\">T\u00e9l\u00e9charger le fichier pdf<\/a><\/p>\n<\/div>\n<\/div>\n<\/div>\n<\/div>\n<\/div>\n<\/div>\n<p><!--more--><\/p>\n<p><!--more--><\/p>\n<p><!--more--><\/p>\n<p><!--more--><\/p>\n","protected":false},"excerpt":{"rendered":"<p>CERCLE DES CHEFS D&rsquo;ATELIER 33 bis cours G\u00e9n\u00e9ral Giraud &#8211; 69001 LYON T\u00e9l\u00e9phone \u00a0: 04 78 28 17 85 eMail : cca-lyon@cca-lyon.fr Facebook &#8211; Instagram<\/p>\n","protected":false},"author":4,"featured_media":0,"parent":0,"menu_order":0,"comment_status":"closed","ping_status":"closed","template":"","meta":{"footnotes":""},"class_list":["post-60","page","type-page","status-publish","hentry"],"_links":{"self":[{"href":"https:\/\/cca-lyon.fr\/index.php\/wp-json\/wp\/v2\/pages\/60","targetHints":{"allow":["GET"]}}],"collection":[{"href":"https:\/\/cca-lyon.fr\/index.php\/wp-json\/wp\/v2\/pages"}],"about":[{"href":"https:\/\/cca-lyon.fr\/index.php\/wp-json\/wp\/v2\/types\/page"}],"author":[{"embeddable":true,"href":"https:\/\/cca-lyon.fr\/index.php\/wp-json\/wp\/v2\/users\/4"}],"replies":[{"embeddable":true,"href":"https:\/\/cca-lyon.fr\/index.php\/wp-json\/wp\/v2\/comments?post=60"}],"version-history":[{"count":52,"href":"https:\/\/cca-lyon.fr\/index.php\/wp-json\/wp\/v2\/pages\/60\/revisions"}],"predecessor-version":[{"id":3162,"href":"https:\/\/cca-lyon.fr\/index.php\/wp-json\/wp\/v2\/pages\/60\/revisions\/3162"}],"wp:attachment":[{"href":"https:\/\/cca-lyon.fr\/index.php\/wp-json\/wp\/v2\/media?parent=60"}],"curies":[{"name":"wp","href":"https:\/\/api.w.org\/{rel}","templated":true}]}}