{"id":63,"date":"2016-04-20T14:35:43","date_gmt":"2016-04-20T13:35:43","guid":{"rendered":"http:\/\/cca-lyon.fr\/?page_id=63"},"modified":"2016-08-29T10:56:13","modified_gmt":"2016-08-29T08:56:13","slug":"qui-sommes-nous","status":"publish","type":"page","link":"https:\/\/cca-lyon.fr\/index.php\/qui-sommes-nous\/","title":{"rendered":"Qui sommes-nous ?"},"content":{"rendered":"<p>Comme son nom ne l&rsquo;indique pas, le Cercle des Chefs d&rsquo;Atelier est un club de billard !<\/p>\n<p><img loading=\"lazy\" decoding=\"async\" class=\"size-medium wp-image-491 aligncenter\" src=\"http:\/\/cca-lyon.fr\/wp-content\/uploads\/2016\/04\/HH-1084264-300x225.jpg\" alt=\"HH-1084264\" width=\"300\" height=\"225\" srcset=\"https:\/\/cca-lyon.fr\/wp-content\/uploads\/2016\/04\/HH-1084264-300x225.jpg 300w, https:\/\/cca-lyon.fr\/wp-content\/uploads\/2016\/04\/HH-1084264-768x576.jpg 768w, https:\/\/cca-lyon.fr\/wp-content\/uploads\/2016\/04\/HH-1084264-1024x768.jpg 1024w\" sizes=\"auto, (max-width: 300px) 100vw, 300px\" \/><\/p>\n<p>&nbsp;<\/p>\n<p>On y joue au billard\u00a0carambole, anciennement appel\u00e9 billard fran\u00e7ais.<\/p>\n<p>Mais pas\u00a0seulement ! \u00a0C&rsquo;est aussi un lieu o\u00f9 on aime\u00a0se retrouver, jouer au billard, rencontrer des amis, discuter et refaire le monde.<\/p>\n<ul>\n<li><strong>Faut-il \u00eatre chef d&rsquo;atelier ?<\/strong>\n<ul>Absolument pas !\u00a0Le nom est li\u00e9 \u00e0\u00a0<a href=\"http:\/\/cca-lyon.fr\/index.php\/histoire\/\">l&rsquo;histoire du club<\/a>, mais celui-ci est ouvert \u00e0 tous, des \u00e9coliers aux retrait\u00e9s.<\/ul>\n<\/li>\n<li><strong>Vous pouvez \u00eatre :<\/strong>\n<ul>\n<ul>\n<li>chef de gare,<\/li>\n<li>chef de cuisine : \u00e7a on aime bien&#8230;<\/li>\n<li>chef de chantier : on a toujours une bricole \u00e0 faire !<\/li>\n<li>chef de rien \u00a0du tout &#8230;<\/li>\n<li>Nous laissons au vestiaire\u00a0les couvre-chefs<\/li>\n<li>Nous appr\u00e9cions\u00a0les chefs-d&rsquo;\u0153uvre de toutes sortes<\/li>\n<li>Nous n&rsquo;acceptons\u00a0aucun chef d&rsquo;accusation<\/li>\n<\/ul>\n<\/ul>\n<\/li>\n<li><strong>Faut-il \u00eatre jeune ou vieux ?<\/strong>\n<ul>\n<li>Au C.C.A. tout le monde est jeune !<br \/>\nLa preuve ? le plus jeune a 8 ans et les a\u00een\u00e9s f\u00eateront prochainement leur\u00a0<span style=\"line-height: 1.625;\">90<\/span><sup>\u00e8me\u00a0<\/sup>anniversaire<\/li>\n<li>Plus s\u00e9rieusement, il n&rsquo;y a aucune limite d&rsquo;\u00e2ge. Toutes les g\u00e9n\u00e9rations se c\u00f4toient avec bonheur<br \/>\nL&rsquo;inscription des mineurs se fait naturellement avec l&rsquo;autorisation des parents.<\/li>\n<\/ul>\n<\/li>\n<li><strong>Comment en faire partie\u00a0?<\/strong>\n<ul>\n<li>Il suffit de remplir une des conditions suivantes :\n<ul>\n<li>aimer le billard<\/li>\n<li>avoir envie d&rsquo;apprendre \u00e0 aimer le billard<\/li>\n<li>avoir envie d&rsquo;essayer, juste pour voir&#8230;<\/li>\n<\/ul>\n<\/li>\n<\/ul>\n<\/li>\n<li><strong>Faut-il \u00eatre riche ?<\/strong>\n<ul>\n\tOn vous le souhaite &#8230; mais ce n&rsquo;est pas n\u00e9cessaire. Vous pourrez le constater en consultant\u00a0<a href=\"http:\/\/cca-lyon.fr\/index.php\/les-tarifs\/\" target=\"_blank\">nos tarifs<\/a>.\n<\/ul>\n<\/li>\n<li><strong>Les femmes sont-elles admises ?<\/strong>\n<ul>Bien s\u00fbr ! Elles sont m\u00eame les bienvenues.<br \/>\nIl est vrai que l&rsquo;histoire a fait du billard un jeu\/sport essentiellement masculin. Mais tout change et heureusement !<\/ul>\n<\/li>\n<\/ul>\n","protected":false},"excerpt":{"rendered":"<p>Comme son nom ne l&rsquo;indique pas, le Cercle des Chefs d&rsquo;Atelier est un club de billard ! &nbsp; On y joue au billard\u00a0carambole, anciennement appel\u00e9 billard fran\u00e7ais. Mais pas\u00a0seulement ! \u00a0C&rsquo;est aussi un lieu o\u00f9 on aime\u00a0se retrouver, jouer au billard, rencontrer des amis, discuter et refaire le monde. Faut-il \u00eatre chef d&rsquo;atelier ? Absolument [&hellip;]<\/p>\n","protected":false},"author":4,"featured_media":0,"parent":0,"menu_order":0,"comment_status":"closed","ping_status":"closed","template":"","meta":{"footnotes":""},"class_list":["post-63","page","type-page","status-publish","hentry"],"_links":{"self":[{"href":"https:\/\/cca-lyon.fr\/index.php\/wp-json\/wp\/v2\/pages\/63","targetHints":{"allow":["GET"]}}],"collection":[{"href":"https:\/\/cca-lyon.fr\/index.php\/wp-json\/wp\/v2\/pages"}],"about":[{"href":"https:\/\/cca-lyon.fr\/index.php\/wp-json\/wp\/v2\/types\/page"}],"author":[{"embeddable":true,"href":"https:\/\/cca-lyon.fr\/index.php\/wp-json\/wp\/v2\/users\/4"}],"replies":[{"embeddable":true,"href":"https:\/\/cca-lyon.fr\/index.php\/wp-json\/wp\/v2\/comments?post=63"}],"version-history":[{"count":40,"href":"https:\/\/cca-lyon.fr\/index.php\/wp-json\/wp\/v2\/pages\/63\/revisions"}],"predecessor-version":[{"id":660,"href":"https:\/\/cca-lyon.fr\/index.php\/wp-json\/wp\/v2\/pages\/63\/revisions\/660"}],"wp:attachment":[{"href":"https:\/\/cca-lyon.fr\/index.php\/wp-json\/wp\/v2\/media?parent=63"}],"curies":[{"name":"wp","href":"https:\/\/api.w.org\/{rel}","templated":true}]}}