{"id":66,"date":"2016-04-20T14:37:27","date_gmt":"2016-04-20T13:37:27","guid":{"rendered":"http:\/\/cca-lyon.fr\/?page_id=66"},"modified":"2026-01-19T21:47:26","modified_gmt":"2026-01-19T20:47:26","slug":"accueil-cca","status":"publish","type":"page","link":"https:\/\/cca-lyon.fr\/","title":{"rendered":"Bienvenue au CCA"},"content":{"rendered":"<h1 style=\"text-align: center;\">Cercle des Chefs d&rsquo;Atelier<\/h1>\n<h3 style=\"text-align: center;\">Club de billard fran\u00e7ais \u00e0 la Croix-Rousse<\/h3>\n<hr \/>\n<p style=\"text-align: center;\"><a href=\"https:\/\/maps.app.goo.gl\/iZdQ9ZDTNngeNK5c6\">33 bis cours G\u00e9n\u00e9ral Giraud, 69001 LYON<\/a><\/p>\n<p style=\"text-align: center;\">T\u00e9l\u00e9phone : 04 78 28 17 85 &#8211; e-mail :\u00a0<a href=\"mailto:cca-lyon@cca-lyon.fr\">cca-lyon@cca-lyon.fr<\/a><\/p>\n<p style=\"text-align: center;\"><a href=\"https:\/\/www.facebook.com\/cca.billard.lyon\">Facebook<\/a> &#8211;\u00a0<a href=\"https:\/\/www.instagram.com\/cca.billard.lyon\">Instagram<\/a><\/p>\n<p style=\"text-align: center;\"><strong>Saison 2025\/2026 :<\/strong><\/p>\n<p style=\"text-align: center;\">Nous sommes heureux de vous annoncer la reprise de l&rsquo;\u00e9cole de billard !<\/p>\n<p style=\"text-align: center;\">Cette ann\u00e9e encore, l&rsquo;\u00e9cole de billard sera anim\u00e9e par Renaud Berrin, Eric Chossande et Ali Mikdad, tous 3 dipl\u00f4m\u00e9s par la FFB.<\/p>\n<p style=\"text-align: center;\"><strong><span style=\"color: #3366ff;\">L&rsquo;\u00e9cole de billard est ouverte aux mineurs et ouvre droit au PASS&rsquo;PORT<br \/>\n<\/span><\/strong><\/p>\n<p style=\"text-align: center;\"><strong><span style=\"color: #3366ff;\">Toutes les informations sur les horaires en cliquant <a href=\"https:\/\/cca-lyon.fr\/index.php\/les-cours\/\">ICI<\/a><br \/>\n<\/span><\/strong><\/p>\n<ul>\n<li><strong>Je veux jouer au billard : <a href=\"https:\/\/cca-lyon.fr\/index.php\/les-horaires\/\">horaires<\/a>\u00a0&#8211;\u00a0<a href=\"https:\/\/cca-lyon.fr\/index.php\/les-tarifs\/\">tarifs<\/a> &#8211; <a href=\"https:\/\/cca-lyon.fr\/index.php\/inscription-au-cca\/\">inscription<\/a><\/strong><\/li>\n<li><strong>Je veux d\u00e9couvrir le billard ou me\u00a0perfectionner :\u00a0<a href=\"https:\/\/cca-lyon.fr\/index.php\/formation\/\" target=\"_blank\" rel=\"noopener noreferrer\">\u00a0l&rsquo;\u00e9cole de billard<\/a><\/strong><\/li>\n<li><strong>Je veux faire de la comp\u00e9tition : <a href=\"http:\/\/cca-lyon.fr\/index.php\/presentation-de-la-competition\/\">comment faire ?<\/a><\/strong><\/li>\n<li><strong>Je veux conna\u00eetre\u00a0le club : <a href=\"http:\/\/cca-lyon.fr\/index.php\/histoire\/\">histoire <\/a>&#8211;\u00a0<a href=\"http:\/\/cca-lyon.fr\/index.php\/la-vie-du-club\/\">vie du club<\/a>\u00a0<a href=\"http:\/\/cca-lyon.fr\/index.php\/histoire\/\">\u00a0<\/a>&#8211; <a href=\"http:\/\/cca-lyon.fr\/index.php\/contact\/\">nous contacter<\/a><\/strong><\/li>\n<\/ul>\n<div style=\"display: flex; justify-content: center;\">\u00a0<iframe loading=\"lazy\" src=\"https:\/\/mytvchain.com\/videoe.php?vID=5877\" width=\"480\" height=\"270\" frameborder=\"0\" allowfullscreen=\"allowfullscreen\"><\/iframe><\/div>\n<h2><strong>Les\u00a0partenaires du club<\/strong><\/h2>\n\n<table id=\"tablepress-3\" class=\"tablepress tablepress-id-3\">\n<tbody class=\"row-striping row-hover\">\n<tr class=\"row-1\">\n\t<td class=\"column-1\"><img loading=\"lazy\" decoding=\"async\" src=\"http:\/\/cca-lyon.fr\/wp-content\/uploads\/2016\/06\/logo-soirie_small.png\" alt=\"\" width=\"120\" height=\"102\" class=\"alignnone size-full wp-image-290\" \/><\/td><td class=\"column-2\"><img loading=\"lazy\" decoding=\"async\" src=\"http:\/\/cca-lyon.fr\/wp-content\/uploads\/2022\/04\/Logo-ESPACE-BILLARD-295x300.jpg\" alt=\"\" width=\"120\" height=\"102\" class=\"alignnone size-medium wp-image-1872\" \/><\/td><td class=\"column-3\"><img loading=\"lazy\" decoding=\"async\" src=\"http:\/\/cca-lyon.fr\/wp-content\/uploads\/2022\/04\/Voir-Entendre-300x124.jpg\" alt=\"\" width=\"120\" height=\"102\" class=\"alignnone size-medium wp-image-1881\" \/><\/td><td class=\"column-4\"><img loading=\"lazy\" decoding=\"async\" src=\"http:\/\/cca-lyon.fr\/wp-content\/uploads\/2022\/04\/Logo-PERRIER-300x288.jpg\" alt=\"\" width=\"120\" height=\"102\" class=\"alignnone size-medium wp-image-1880\" \/><\/td><td class=\"column-5\"><img loading=\"lazy\" decoding=\"async\" src=\"http:\/\/cca-lyon.fr\/wp-content\/uploads\/2022\/04\/Logo-DEBAUGE-300x157.png\" alt=\"\" width=\"120\" height=\"102\" class=\"alignnone size-medium wp-image-1874\" \/><\/td>\n<\/tr>\n<\/tbody>\n<\/table>\n<!-- #tablepress-3 from cache -->\n<h2><strong>Les sites officiels<\/strong><\/h2>\n<p><a href=\"http:\/\/www.ffbillard.com\/\" target=\"_blank\" rel=\"noopener noreferrer\"><img loading=\"lazy\" decoding=\"async\" class=\"alignnone wp-image-297\" src=\"http:\/\/cca-lyon.fr\/wp-content\/uploads\/2016\/06\/ffb_lastt.jpg\" alt=\"ffb_lastt\" width=\"139\" height=\"72\" \/><\/a>\u00a0 \u00a0 <a href=\"https:\/\/www.auvergnerhonealpes.fr\/\"><img loading=\"lazy\" decoding=\"async\" class=\"alignnone wp-image-1390\" src=\"http:\/\/cca-lyon.fr\/wp-content\/uploads\/2016\/04\/logo_region-ARA.jpg\" alt=\"\" width=\"144\" height=\"33\" \/><\/a>\u00a0 \u00a0\u00a0\u00a0 \u00a0 \u00a0 \u00a0 <a href=\"http:\/\/www.lyon.fr\/\" target=\"_blank\" rel=\"noopener noreferrer\"><img loading=\"lazy\" decoding=\"async\" class=\"alignnone wp-image-295\" src=\"http:\/\/cca-lyon.fr\/wp-content\/uploads\/2016\/06\/Ville-de-Lyon-small.jpg\" alt=\"Ville-de-Lyon-small\" width=\"107\" height=\"94\" \/><\/a>\u00a0 \u00a0 \u00a0 \u00a0 <a href=\"https:\/\/www.billard-auvergne-rhone-alpes.com\/\"><img loading=\"lazy\" decoding=\"async\" class=\"alignnone wp-image-1504\" src=\"http:\/\/cca-lyon.fr\/wp-content\/uploads\/2016\/04\/lrab-300x145.jpg\" alt=\"\" width=\"201\" height=\"97\" srcset=\"https:\/\/cca-lyon.fr\/wp-content\/uploads\/2016\/04\/lrab-300x145.jpg 300w, https:\/\/cca-lyon.fr\/wp-content\/uploads\/2016\/04\/lrab.jpg 302w\" sizes=\"auto, (max-width: 201px) 100vw, 201px\" \/><\/a><\/p>\n<p data-wp-editing=\"1\"><a href=\"http:\/\/www.kozoom.com\"><img loading=\"lazy\" decoding=\"async\" class=\"wp-image-1391 alignnone\" src=\"http:\/\/cca-lyon.fr\/wp-content\/uploads\/2016\/04\/Logo-Kozoom-Fond-Blanc-300x114.png\" alt=\"\" width=\"116\" height=\"36\" \/><\/a><\/p>\n<p data-wp-editing=\"1\"><img loading=\"lazy\" decoding=\"async\" class=\"alignnone wp-image-3095\" src=\"https:\/\/cca-lyon.fr\/wp-content\/uploads\/2025\/12\/logo-mairie-1er-400.png\" alt=\"Logo Mairie 1er\" width=\"301\" height=\"79\" srcset=\"https:\/\/cca-lyon.fr\/wp-content\/uploads\/2025\/12\/logo-mairie-1er-400.png 400w, https:\/\/cca-lyon.fr\/wp-content\/uploads\/2025\/12\/logo-mairie-1er-400-300x79.png 300w, https:\/\/cca-lyon.fr\/wp-content\/uploads\/2025\/12\/logo-mairie-1er-400-50x13.png 50w\" sizes=\"auto, (max-width: 301px) 100vw, 301px\" \/><\/p>\n","protected":false},"excerpt":{"rendered":"<p>Cercle des Chefs d&rsquo;Atelier Club de billard fran\u00e7ais \u00e0 la Croix-Rousse 33 bis cours G\u00e9n\u00e9ral Giraud, 69001 LYON T\u00e9l\u00e9phone : 04 78 28 17 85 &#8211; e-mail :\u00a0cca-lyon@cca-lyon.fr Facebook &#8211;\u00a0Instagram Saison 2025\/2026 : Nous sommes heureux de vous annoncer la reprise de l&rsquo;\u00e9cole de billard ! Cette ann\u00e9e encore, l&rsquo;\u00e9cole de billard sera anim\u00e9e par [&hellip;]<\/p>\n","protected":false},"author":4,"featured_media":0,"parent":0,"menu_order":0,"comment_status":"closed","ping_status":"closed","template":"","meta":{"footnotes":""},"class_list":["post-66","page","type-page","status-publish","hentry"],"_links":{"self":[{"href":"https:\/\/cca-lyon.fr\/index.php\/wp-json\/wp\/v2\/pages\/66","targetHints":{"allow":["GET"]}}],"collection":[{"href":"https:\/\/cca-lyon.fr\/index.php\/wp-json\/wp\/v2\/pages"}],"about":[{"href":"https:\/\/cca-lyon.fr\/index.php\/wp-json\/wp\/v2\/types\/page"}],"author":[{"embeddable":true,"href":"https:\/\/cca-lyon.fr\/index.php\/wp-json\/wp\/v2\/users\/4"}],"replies":[{"embeddable":true,"href":"https:\/\/cca-lyon.fr\/index.php\/wp-json\/wp\/v2\/comments?post=66"}],"version-history":[{"count":134,"href":"https:\/\/cca-lyon.fr\/index.php\/wp-json\/wp\/v2\/pages\/66\/revisions"}],"predecessor-version":[{"id":3110,"href":"https:\/\/cca-lyon.fr\/index.php\/wp-json\/wp\/v2\/pages\/66\/revisions\/3110"}],"wp:attachment":[{"href":"https:\/\/cca-lyon.fr\/index.php\/wp-json\/wp\/v2\/media?parent=66"}],"curies":[{"name":"wp","href":"https:\/\/api.w.org\/{rel}","templated":true}]}}